{"id":2354,"date":"2023-08-19T15:45:34","date_gmt":"2023-08-19T15:45:34","guid":{"rendered":"http:\/\/www.marou.fi\/?page_id=2354"},"modified":"2023-12-13T11:12:37","modified_gmt":"2023-12-13T11:12:37","slug":"huopahatut","status":"publish","type":"page","link":"http:\/\/www.marou.fi\/fi\/gallery\/huopahatut\/","title":{"rendered":"Huopahatut"},"content":{"rendered":"\t\t<div data-elementor-type=\"wp-post\" data-elementor-id=\"2354\" class=\"elementor elementor-2354\">\n\t\t\t\t\t\t<section class=\"elementor-section elementor-top-section elementor-element elementor-element-7caa373 elementor-section-full_width elementor-section-height-default elementor-section-height-default\" data-id=\"7caa373\" data-element_type=\"section\" data-e-type=\"section\" data-settings=\"{&quot;background_background&quot;:&quot;classic&quot;}\">\n\t\t\t\t\t\t<div class=\"elementor-container elementor-column-gap-default\">\n\t\t\t\t\t<div class=\"elementor-column elementor-col-100 elementor-top-column elementor-element elementor-element-31cc008\" data-id=\"31cc008\" data-element_type=\"column\" data-e-type=\"column\">\n\t\t\t<div class=\"elementor-widget-wrap elementor-element-populated\">\n\t\t\t\t\t\t<div class=\"elementor-element elementor-element-32aaf3e elementor-widget elementor-widget-heading\" data-id=\"32aaf3e\" data-element_type=\"widget\" data-e-type=\"widget\" data-widget_type=\"heading.default\">\n\t\t\t\t<div class=\"elementor-widget-container\">\n\t\t\t\t\t<h2 class=\"elementor-heading-title elementor-size-default\">Kuvia MaRoun valmistamista huopahatuista<\/h2>\t\t\t\t<\/div>\n\t\t\t\t<\/div>\n\t\t\t\t<div class=\"elementor-element elementor-element-29b9753 elementor-widget elementor-widget-heading\" data-id=\"29b9753\" data-element_type=\"widget\" data-e-type=\"widget\" data-widget_type=\"heading.default\">\n\t\t\t\t<div class=\"elementor-widget-container\">\n\t\t\t\t\t<h2 class=\"elementor-heading-title elementor-size-default\">Kaikki huopahatut hintaan 84\u20ac<\/h2>\t\t\t\t<\/div>\n\t\t\t\t<\/div>\n\t\t\t\t<section class=\"elementor-section elementor-inner-section elementor-element elementor-element-86de895 elementor-section-boxed elementor-section-height-default elementor-section-height-default\" data-id=\"86de895\" data-element_type=\"section\" data-e-type=\"section\">\n\t\t\t\t\t\t<div class=\"elementor-container elementor-column-gap-default\">\n\t\t\t\t\t<div class=\"elementor-column elementor-col-33 elementor-inner-column elementor-element elementor-element-a8bb86b\" data-id=\"a8bb86b\" data-element_type=\"column\" data-e-type=\"column\">\n\t\t\t<div class=\"elementor-widget-wrap elementor-element-populated\">\n\t\t\t\t\t\t<div class=\"elementor-element elementor-element-a71a472 elementor-widget elementor-widget-heading\" data-id=\"a71a472\" data-element_type=\"widget\" data-e-type=\"widget\" data-widget_type=\"heading.default\">\n\t\t\t\t<div class=\"elementor-widget-container\">\n\t\t\t\t\t<h2 class=\"elementor-heading-title elementor-size-default\">Haltijahattu<\/h2>\t\t\t\t<\/div>\n\t\t\t\t<\/div>\n\t\t\t\t<div class=\"elementor-element elementor-element-91a28a5 elementor-widget elementor-widget-image\" data-id=\"91a28a5\" data-element_type=\"widget\" data-e-type=\"widget\" data-widget_type=\"image.default\">\n\t\t\t\t<div class=\"elementor-widget-container\">\n\t\t\t\t\t\t\t\t\t\t\t\t\t\t\t<img fetchpriority=\"high\" decoding=\"async\" width=\"2560\" height=\"1920\" src=\"http:\/\/www.marou.fi\/wp-content\/uploads\/2023\/06\/IMG_4448-scaled.jpg\" class=\"attachment-full size-full wp-image-2004\" alt=\"\" srcset=\"http:\/\/www.marou.fi\/wp-content\/uploads\/2023\/06\/IMG_4448-scaled.jpg 2560w, http:\/\/www.marou.fi\/wp-content\/uploads\/2023\/06\/IMG_4448-300x225.jpg 300w, http:\/\/www.marou.fi\/wp-content\/uploads\/2023\/06\/IMG_4448-1024x768.jpg 1024w, http:\/\/www.marou.fi\/wp-content\/uploads\/2023\/06\/IMG_4448-768x576.jpg 768w, http:\/\/www.marou.fi\/wp-content\/uploads\/2023\/06\/IMG_4448-1536x1152.jpg 1536w, http:\/\/www.marou.fi\/wp-content\/uploads\/2023\/06\/IMG_4448-2048x1536.jpg 2048w, http:\/\/www.marou.fi\/wp-content\/uploads\/2023\/06\/IMG_4448-1320x990.jpg 1320w, http:\/\/www.marou.fi\/wp-content\/uploads\/2023\/06\/IMG_4448-600x450.jpg 600w\" sizes=\"(max-width: 2560px) 100vw, 2560px\" \/>\t\t\t\t\t\t\t\t\t\t\t\t\t\t\t<\/div>\n\t\t\t\t<\/div>\n\t\t\t\t\t<\/div>\n\t\t<\/div>\n\t\t\t\t<div class=\"elementor-column elementor-col-33 elementor-inner-column elementor-element elementor-element-32fb91b\" data-id=\"32fb91b\" data-element_type=\"column\" data-e-type=\"column\">\n\t\t\t<div class=\"elementor-widget-wrap elementor-element-populated\">\n\t\t\t\t\t\t<div class=\"elementor-element elementor-element-ff2a322 elementor-widget elementor-widget-heading\" data-id=\"ff2a322\" data-element_type=\"widget\" data-e-type=\"widget\" data-widget_type=\"heading.default\">\n\t\t\t\t<div class=\"elementor-widget-container\">\n\t\t\t\t\t<h2 class=\"elementor-heading-title elementor-size-default\">Ruusuhattu<\/h2>\t\t\t\t<\/div>\n\t\t\t\t<\/div>\n\t\t\t\t<div class=\"elementor-element elementor-element-5c6e347 elementor-widget elementor-widget-image\" data-id=\"5c6e347\" data-element_type=\"widget\" data-e-type=\"widget\" data-widget_type=\"image.default\">\n\t\t\t\t<div class=\"elementor-widget-container\">\n\t\t\t\t\t\t\t\t\t\t\t\t\t\t\t<img decoding=\"async\" width=\"2560\" height=\"1920\" src=\"http:\/\/www.marou.fi\/wp-content\/uploads\/2023\/06\/IMG_4450-scaled.jpg\" class=\"attachment-full size-full wp-image-2006\" alt=\"\" srcset=\"http:\/\/www.marou.fi\/wp-content\/uploads\/2023\/06\/IMG_4450-scaled.jpg 2560w, http:\/\/www.marou.fi\/wp-content\/uploads\/2023\/06\/IMG_4450-300x225.jpg 300w, http:\/\/www.marou.fi\/wp-content\/uploads\/2023\/06\/IMG_4450-1024x768.jpg 1024w, http:\/\/www.marou.fi\/wp-content\/uploads\/2023\/06\/IMG_4450-768x576.jpg 768w, http:\/\/www.marou.fi\/wp-content\/uploads\/2023\/06\/IMG_4450-1536x1152.jpg 1536w, http:\/\/www.marou.fi\/wp-content\/uploads\/2023\/06\/IMG_4450-2048x1536.jpg 2048w, http:\/\/www.marou.fi\/wp-content\/uploads\/2023\/06\/IMG_4450-1320x990.jpg 1320w, http:\/\/www.marou.fi\/wp-content\/uploads\/2023\/06\/IMG_4450-600x450.jpg 600w\" sizes=\"(max-width: 2560px) 100vw, 2560px\" \/>\t\t\t\t\t\t\t\t\t\t\t\t\t\t\t<\/div>\n\t\t\t\t<\/div>\n\t\t\t\t\t<\/div>\n\t\t<\/div>\n\t\t\t\t<div class=\"elementor-column elementor-col-33 elementor-inner-column elementor-element elementor-element-7ef21b7\" data-id=\"7ef21b7\" data-element_type=\"column\" data-e-type=\"column\">\n\t\t\t<div class=\"elementor-widget-wrap elementor-element-populated\">\n\t\t\t\t\t\t<div class=\"elementor-element elementor-element-fde00d9 elementor-widget elementor-widget-heading\" data-id=\"fde00d9\" data-element_type=\"widget\" data-e-type=\"widget\" data-widget_type=\"heading.default\">\n\t\t\t\t<div class=\"elementor-widget-container\">\n\t\t\t\t\t<h2 class=\"elementor-heading-title elementor-size-default\">Lierihattu<\/h2>\t\t\t\t<\/div>\n\t\t\t\t<\/div>\n\t\t\t\t<div class=\"elementor-element elementor-element-bcea02b elementor-widget elementor-widget-image\" data-id=\"bcea02b\" data-element_type=\"widget\" data-e-type=\"widget\" data-widget_type=\"image.default\">\n\t\t\t\t<div class=\"elementor-widget-container\">\n\t\t\t\t\t\t\t\t\t\t\t\t\t\t\t<img decoding=\"async\" width=\"2560\" height=\"1920\" src=\"http:\/\/www.marou.fi\/wp-content\/uploads\/2023\/06\/IMG_4426-2-scaled.jpg\" class=\"attachment-full size-full wp-image-2140\" alt=\"\" srcset=\"http:\/\/www.marou.fi\/wp-content\/uploads\/2023\/06\/IMG_4426-2-scaled.jpg 2560w, http:\/\/www.marou.fi\/wp-content\/uploads\/2023\/06\/IMG_4426-2-300x225.jpg 300w, http:\/\/www.marou.fi\/wp-content\/uploads\/2023\/06\/IMG_4426-2-1024x768.jpg 1024w, http:\/\/www.marou.fi\/wp-content\/uploads\/2023\/06\/IMG_4426-2-768x576.jpg 768w, http:\/\/www.marou.fi\/wp-content\/uploads\/2023\/06\/IMG_4426-2-1536x1152.jpg 1536w, http:\/\/www.marou.fi\/wp-content\/uploads\/2023\/06\/IMG_4426-2-2048x1536.jpg 2048w, http:\/\/www.marou.fi\/wp-content\/uploads\/2023\/06\/IMG_4426-2-1320x990.jpg 1320w, http:\/\/www.marou.fi\/wp-content\/uploads\/2023\/06\/IMG_4426-2-600x450.jpg 600w\" sizes=\"(max-width: 2560px) 100vw, 2560px\" \/>\t\t\t\t\t\t\t\t\t\t\t\t\t\t\t<\/div>\n\t\t\t\t<\/div>\n\t\t\t\t\t<\/div>\n\t\t<\/div>\n\t\t\t\t\t<\/div>\n\t\t<\/section>\n\t\t\t\t<div class=\"elementor-element elementor-element-36a4a14 elementor-widget elementor-widget-heading\" data-id=\"36a4a14\" data-element_type=\"widget\" data-e-type=\"widget\" data-widget_type=\"heading.default\">\n\t\t\t\t<div class=\"elementor-widget-container\">\n\t\t\t\t\t<h2 class=\"elementor-heading-title elementor-size-default\">Kaikki hatut saatavilla useassa eri v\u00e4riss\u00e4 ja koossa, kysy lis\u00e4\u00e4 tai tilaa tuote alla olevan lomakkeen kautta<\/h2>\t\t\t\t<\/div>\n\t\t\t\t<\/div>\n\t\t\t\t<div class=\"elementor-element elementor-element-69b9742 elementor-widget elementor-widget-wpforms\" data-id=\"69b9742\" data-element_type=\"widget\" data-e-type=\"widget\" data-widget_type=\"wpforms.default\">\n\t\t\t\t<div class=\"elementor-widget-container\">\n\t\t\t\t\t<div class=\"wpforms-container wpforms-container-full\" id=\"wpforms-1076\"><form id=\"wpforms-form-1076\" class=\"wpforms-validate wpforms-form\" data-formid=\"1076\" method=\"post\" enctype=\"multipart\/form-data\" action=\"\/fi\/wp-json\/wp\/v2\/pages\/2354\" data-token=\"1c91432d651fed9f82b0b8351d7bdaf3\" data-token-time=\"1778244220\"><noscript class=\"wpforms-error-noscript\">Please enable JavaScript in your browser to complete this form.<\/noscript><div class=\"wpforms-field-container\"><div id=\"wpforms-1076-field_0-container\" class=\"wpforms-field wpforms-field-name\" data-field-id=\"0\"><label class=\"wpforms-field-label wpforms-label-hide\" for=\"wpforms-1076-field_0\">Nimesi <span class=\"wpforms-required-label\">*<\/span><\/label><input type=\"text\" id=\"wpforms-1076-field_0\" class=\"wpforms-field-large wpforms-field-required\" name=\"wpforms[fields][0]\" placeholder=\"Etunimi &amp; Sukunimi\" required><\/div><div id=\"wpforms-1076-field_1-container\" class=\"wpforms-field wpforms-field-email\" data-field-id=\"1\"><label class=\"wpforms-field-label wpforms-label-hide\" for=\"wpforms-1076-field_1\">S\u00e4hk\u00f6postiosoite <span class=\"wpforms-required-label\">*<\/span><\/label><input type=\"email\" id=\"wpforms-1076-field_1\" class=\"wpforms-field-large wpforms-field-required\" name=\"wpforms[fields][1]\" placeholder=\"S\u00e4hk\u00f6postiosoitteesi\" spellcheck=\"false\" required><\/div><div id=\"wpforms-1076-field_2-container\" class=\"wpforms-field wpforms-field-textarea\" data-field-id=\"2\"><label class=\"wpforms-field-label wpforms-label-hide\" for=\"wpforms-1076-field_2\">Kerro millaiselle ryhm\u00e4lle haluaisit ty\u00f6pajan <span class=\"wpforms-required-label\">*<\/span><\/label><textarea id=\"wpforms-1076-field_2\" class=\"wpforms-field-medium wpforms-field-required\" name=\"wpforms[fields][2]\" placeholder=\"Kirjoita viestisi t\u00e4h\u00e4n\" required><\/textarea><\/div><\/div><!-- .wpforms-field-container --><div class=\"wpforms-field wpforms-field-hp\"><label for=\"wpforms-1076-field-hp\" class=\"wpforms-field-label\">Message<\/label><input type=\"text\" name=\"wpforms[hp]\" id=\"wpforms-1076-field-hp\" class=\"wpforms-field-medium\"><\/div><div class=\"wpforms-submit-container\" ><input type=\"hidden\" name=\"wpforms[id]\" value=\"1076\"><input type=\"hidden\" name=\"page_title\" value=\"\"><input type=\"hidden\" name=\"page_url\" value=\"http:\/\/www.marou.fi\/fi\/wp-json\/wp\/v2\/pages\/2354\"><input type=\"hidden\" name=\"url_referer\" value=\"\"><button type=\"submit\" name=\"wpforms[submit]\" id=\"wpforms-submit-1076\" class=\"wpforms-submit\" data-alt-text=\"L\u00e4hett\u00e4\u00e4..\" data-submit-text=\"Ota yhteytt\u00e4\" aria-live=\"assertive\" value=\"wpforms-submit\">Ota yhteytt\u00e4<\/button><\/div><\/form><\/div>  <!-- .wpforms-container -->\t\t\t\t<\/div>\n\t\t\t\t<\/div>\n\t\t\t\t\t<\/div>\n\t\t<\/div>\n\t\t\t\t\t<\/div>\n\t\t<\/section>\n\t\t\t\t<\/div>\n\t\t","protected":false},"excerpt":{"rendered":"<p>Kuvia MaRoun valmistamista huopahatuista Kaikki huopahatut hintaan 84\u20ac Haltijahattu Ruusuhattu Lierihattu Kaikki hatut saatavilla useassa eri v\u00e4riss\u00e4 ja koossa, kysy lis\u00e4\u00e4 tai tilaa tuote alla olevan lomakkeen kautta Please enable JavaScript in your browser to complete this form.Nimesi *S\u00e4hk\u00f6postiosoite *Kerro millaiselle ryhm\u00e4lle haluaisit ty\u00f6pajan *Website Ota yhteytt\u00e4<\/p>\n","protected":false},"author":1,"featured_media":0,"parent":465,"menu_order":0,"comment_status":"closed","ping_status":"closed","template":"elementor_header_footer","meta":{"_uag_custom_page_level_css":"","ocean_post_layout":"full-width","ocean_both_sidebars_style":"","ocean_both_sidebars_content_width":0,"ocean_both_sidebars_sidebars_width":0,"ocean_sidebar":"","ocean_second_sidebar":"","ocean_disable_margins":"enable","ocean_add_body_class":"","ocean_shortcode_before_top_bar":"","ocean_shortcode_after_top_bar":"","ocean_shortcode_before_header":"","ocean_shortcode_after_header":"","ocean_has_shortcode":"","ocean_shortcode_after_title":"","ocean_shortcode_before_footer_widgets":"","ocean_shortcode_after_footer_widgets":"","ocean_shortcode_before_footer_bottom":"","ocean_shortcode_after_footer_bottom":"","ocean_display_top_bar":"default","ocean_display_header":"default","ocean_header_style":"","ocean_center_header_left_menu":"","ocean_custom_header_template":"","ocean_custom_logo":0,"ocean_custom_retina_logo":0,"ocean_custom_logo_max_width":0,"ocean_custom_logo_tablet_max_width":0,"ocean_custom_logo_mobile_max_width":0,"ocean_custom_logo_max_height":0,"ocean_custom_logo_tablet_max_height":0,"ocean_custom_logo_mobile_max_height":0,"ocean_header_custom_menu":"","ocean_menu_typo_font_family":"","ocean_menu_typo_font_subset":"","ocean_menu_typo_font_size":0,"ocean_menu_typo_font_size_tablet":0,"ocean_menu_typo_font_size_mobile":0,"ocean_menu_typo_font_size_unit":"px","ocean_menu_typo_font_weight":"","ocean_menu_typo_font_weight_tablet":"","ocean_menu_typo_font_weight_mobile":"","ocean_menu_typo_transform":"","ocean_menu_typo_transform_tablet":"","ocean_menu_typo_transform_mobile":"","ocean_menu_typo_line_height":0,"ocean_menu_typo_line_height_tablet":0,"ocean_menu_typo_line_height_mobile":0,"ocean_menu_typo_line_height_unit":"","ocean_menu_typo_spacing":0,"ocean_menu_typo_spacing_tablet":0,"ocean_menu_typo_spacing_mobile":0,"ocean_menu_typo_spacing_unit":"","ocean_menu_link_color":"","ocean_menu_link_color_hover":"","ocean_menu_link_color_active":"","ocean_menu_link_background":"","ocean_menu_link_hover_background":"","ocean_menu_link_active_background":"","ocean_menu_social_links_bg":"","ocean_menu_social_hover_links_bg":"","ocean_menu_social_links_color":"","ocean_menu_social_hover_links_color":"","ocean_disable_title":"on","ocean_disable_heading":"default","ocean_post_title":"","ocean_post_subheading":"","ocean_post_title_style":"","ocean_post_title_background_color":"","ocean_post_title_background":0,"ocean_post_title_bg_image_position":"","ocean_post_title_bg_image_attachment":"","ocean_post_title_bg_image_repeat":"","ocean_post_title_bg_image_size":"","ocean_post_title_height":0,"ocean_post_title_bg_overlay":0.5,"ocean_post_title_bg_overlay_color":"","ocean_disable_breadcrumbs":"default","ocean_breadcrumbs_color":"","ocean_breadcrumbs_separator_color":"","ocean_breadcrumbs_links_color":"","ocean_breadcrumbs_links_hover_color":"","ocean_display_footer_widgets":"default","ocean_display_footer_bottom":"default","ocean_custom_footer_template":"","footnotes":""},"class_list":["post-2354","page","type-page","status-publish","hentry","entry","owp-thumbs-layout-horizontal","owp-btn-big","owp-tabs-layout-horizontal","has-no-thumbnails","has-product-nav"],"uagb_featured_image_src":{"full":false,"thumbnail":false,"medium":false,"medium_large":false,"large":false,"1536x1536":false,"2048x2048":false,"trp-custom-language-flag":false,"ocean-thumb-m":false,"ocean-thumb-ml":false,"ocean-thumb-l":false,"mailpoet_newsletter_max":false,"woocommerce_thumbnail":false,"woocommerce_single":false,"woocommerce_gallery_thumbnail":false},"uagb_author_info":{"display_name":"admin","author_link":"http:\/\/www.marou.fi\/fi\/author\/admin\/"},"uagb_comment_info":0,"uagb_excerpt":"Kuvia MaRoun valmistamista huopahatuista Kaikki huopahatut hintaan 84\u20ac Haltijahattu Ruusuhattu Lierihattu Kaikki hatut saatavilla useassa eri v\u00e4riss\u00e4 ja koossa, kysy lis\u00e4\u00e4 tai tilaa tuote alla olevan lomakkeen kautta Please enable JavaScript in your browser to complete this form.Nimesi *S\u00e4hk\u00f6postiosoite *Kerro millaiselle ryhm\u00e4lle haluaisit ty\u00f6pajan *Website Ota yhteytt\u00e4","_links":{"self":[{"href":"http:\/\/www.marou.fi\/fi\/wp-json\/wp\/v2\/pages\/2354","targetHints":{"allow":["GET"]}}],"collection":[{"href":"http:\/\/www.marou.fi\/fi\/wp-json\/wp\/v2\/pages"}],"about":[{"href":"http:\/\/www.marou.fi\/fi\/wp-json\/wp\/v2\/types\/page"}],"author":[{"embeddable":true,"href":"http:\/\/www.marou.fi\/fi\/wp-json\/wp\/v2\/users\/1"}],"replies":[{"embeddable":true,"href":"http:\/\/www.marou.fi\/fi\/wp-json\/wp\/v2\/comments?post=2354"}],"version-history":[{"count":10,"href":"http:\/\/www.marou.fi\/fi\/wp-json\/wp\/v2\/pages\/2354\/revisions"}],"predecessor-version":[{"id":2514,"href":"http:\/\/www.marou.fi\/fi\/wp-json\/wp\/v2\/pages\/2354\/revisions\/2514"}],"up":[{"embeddable":true,"href":"http:\/\/www.marou.fi\/fi\/wp-json\/wp\/v2\/pages\/465"}],"wp:attachment":[{"href":"http:\/\/www.marou.fi\/fi\/wp-json\/wp\/v2\/media?parent=2354"}],"curies":[{"name":"wp","href":"https:\/\/api.w.org\/{rel}","templated":true}]}}