{"id":2360,"date":"2023-08-21T13:35:29","date_gmt":"2023-08-21T13:35:29","guid":{"rendered":"http:\/\/www.marou.fi\/?page_id=2360"},"modified":"2023-12-13T11:22:54","modified_gmt":"2023-12-13T11:22:54","slug":"keittioon","status":"publish","type":"page","link":"http:\/\/www.marou.fi\/fi\/gallery\/keittioon\/","title":{"rendered":"Keitti\u00f6\u00f6n"},"content":{"rendered":"\t\t<div data-elementor-type=\"wp-post\" data-elementor-id=\"2360\" class=\"elementor elementor-2360\">\n\t\t\t\t\t\t<section class=\"elementor-section elementor-top-section elementor-element elementor-element-7caa373 elementor-section-full_width elementor-section-height-default elementor-section-height-default\" data-id=\"7caa373\" data-element_type=\"section\" data-e-type=\"section\" data-settings=\"{&quot;background_background&quot;:&quot;classic&quot;}\">\n\t\t\t\t\t\t<div class=\"elementor-container elementor-column-gap-default\">\n\t\t\t\t\t<div class=\"elementor-column elementor-col-100 elementor-top-column elementor-element elementor-element-31cc008\" data-id=\"31cc008\" data-element_type=\"column\" data-e-type=\"column\">\n\t\t\t<div class=\"elementor-widget-wrap elementor-element-populated\">\n\t\t\t\t\t\t<div class=\"elementor-element elementor-element-32aaf3e elementor-widget elementor-widget-heading\" data-id=\"32aaf3e\" data-element_type=\"widget\" data-e-type=\"widget\" data-widget_type=\"heading.default\">\n\t\t\t\t<div class=\"elementor-widget-container\">\n\t\t\t\t\t<h2 class=\"elementor-heading-title elementor-size-default\">Kuvia MaRoun valmistamista siivousliinoista ja patalapuista<\/h2>\t\t\t\t<\/div>\n\t\t\t\t<\/div>\n\t\t\t\t<section class=\"elementor-section elementor-inner-section elementor-element elementor-element-86de895 elementor-section-boxed elementor-section-height-default elementor-section-height-default\" data-id=\"86de895\" data-element_type=\"section\" data-e-type=\"section\">\n\t\t\t\t\t\t<div class=\"elementor-container elementor-column-gap-default\">\n\t\t\t\t\t<div class=\"elementor-column elementor-col-33 elementor-inner-column elementor-element elementor-element-a8bb86b\" data-id=\"a8bb86b\" data-element_type=\"column\" data-e-type=\"column\">\n\t\t\t<div class=\"elementor-widget-wrap elementor-element-populated\">\n\t\t\t\t\t\t<div class=\"elementor-element elementor-element-5c6e347 elementor-widget elementor-widget-image\" data-id=\"5c6e347\" data-element_type=\"widget\" data-e-type=\"widget\" data-widget_type=\"image.default\">\n\t\t\t\t<div class=\"elementor-widget-container\">\n\t\t\t\t\t\t\t\t\t\t\t\t\t\t\t<img fetchpriority=\"high\" decoding=\"async\" width=\"1024\" height=\"768\" src=\"http:\/\/www.marou.fi\/wp-content\/uploads\/2023\/08\/IMG_4473-1024x768.jpg\" class=\"attachment-large size-large wp-image-2293\" alt=\"\" srcset=\"http:\/\/www.marou.fi\/wp-content\/uploads\/2023\/08\/IMG_4473-1024x768.jpg 1024w, http:\/\/www.marou.fi\/wp-content\/uploads\/2023\/08\/IMG_4473-300x225.jpg 300w, http:\/\/www.marou.fi\/wp-content\/uploads\/2023\/08\/IMG_4473-768x576.jpg 768w, http:\/\/www.marou.fi\/wp-content\/uploads\/2023\/08\/IMG_4473-1536x1152.jpg 1536w, http:\/\/www.marou.fi\/wp-content\/uploads\/2023\/08\/IMG_4473-2048x1536.jpg 2048w, http:\/\/www.marou.fi\/wp-content\/uploads\/2023\/08\/IMG_4473-1320x990.jpg 1320w, http:\/\/www.marou.fi\/wp-content\/uploads\/2023\/08\/IMG_4473-600x450.jpg 600w\" sizes=\"(max-width: 1024px) 100vw, 1024px\" \/>\t\t\t\t\t\t\t\t\t\t\t\t\t\t\t<\/div>\n\t\t\t\t<\/div>\n\t\t\t\t<div class=\"elementor-element elementor-element-6eb9f28 elementor-widget elementor-widget-image\" data-id=\"6eb9f28\" data-element_type=\"widget\" data-e-type=\"widget\" data-widget_type=\"image.default\">\n\t\t\t\t<div class=\"elementor-widget-container\">\n\t\t\t\t\t\t\t\t\t\t\t\t\t\t\t<img decoding=\"async\" width=\"2560\" height=\"1440\" src=\"http:\/\/www.marou.fi\/wp-content\/uploads\/2023\/08\/IMG_2842-2-scaled.jpg\" class=\"attachment-full size-full wp-image-2433\" alt=\"\" srcset=\"http:\/\/www.marou.fi\/wp-content\/uploads\/2023\/08\/IMG_2842-2-scaled.jpg 2560w, http:\/\/www.marou.fi\/wp-content\/uploads\/2023\/08\/IMG_2842-2-300x169.jpg 300w, http:\/\/www.marou.fi\/wp-content\/uploads\/2023\/08\/IMG_2842-2-1024x576.jpg 1024w, http:\/\/www.marou.fi\/wp-content\/uploads\/2023\/08\/IMG_2842-2-768x432.jpg 768w, http:\/\/www.marou.fi\/wp-content\/uploads\/2023\/08\/IMG_2842-2-1536x864.jpg 1536w, http:\/\/www.marou.fi\/wp-content\/uploads\/2023\/08\/IMG_2842-2-2048x1152.jpg 2048w, http:\/\/www.marou.fi\/wp-content\/uploads\/2023\/08\/IMG_2842-2-800x450.jpg 800w, http:\/\/www.marou.fi\/wp-content\/uploads\/2023\/08\/IMG_2842-2-1320x743.jpg 1320w, http:\/\/www.marou.fi\/wp-content\/uploads\/2023\/08\/IMG_2842-2-600x338.jpg 600w\" sizes=\"(max-width: 2560px) 100vw, 2560px\" \/>\t\t\t\t\t\t\t\t\t\t\t\t\t\t\t<\/div>\n\t\t\t\t<\/div>\n\t\t\t\t\t<\/div>\n\t\t<\/div>\n\t\t\t\t<div class=\"elementor-column elementor-col-33 elementor-inner-column elementor-element elementor-element-df8f085\" data-id=\"df8f085\" data-element_type=\"column\" data-e-type=\"column\">\n\t\t\t<div class=\"elementor-widget-wrap elementor-element-populated\">\n\t\t\t\t\t\t<div class=\"elementor-element elementor-element-1710e35 elementor-widget elementor-widget-image\" data-id=\"1710e35\" data-element_type=\"widget\" data-e-type=\"widget\" data-widget_type=\"image.default\">\n\t\t\t\t<div class=\"elementor-widget-container\">\n\t\t\t\t\t\t\t\t\t\t\t\t\t\t\t<img decoding=\"async\" width=\"828\" height=\"822\" src=\"http:\/\/www.marou.fi\/wp-content\/uploads\/2023\/08\/IMG_3942.jpg\" class=\"attachment-large size-large wp-image-2435\" alt=\"\" srcset=\"http:\/\/www.marou.fi\/wp-content\/uploads\/2023\/08\/IMG_3942.jpg 828w, http:\/\/www.marou.fi\/wp-content\/uploads\/2023\/08\/IMG_3942-300x298.jpg 300w, http:\/\/www.marou.fi\/wp-content\/uploads\/2023\/08\/IMG_3942-150x150.jpg 150w, http:\/\/www.marou.fi\/wp-content\/uploads\/2023\/08\/IMG_3942-768x762.jpg 768w, http:\/\/www.marou.fi\/wp-content\/uploads\/2023\/08\/IMG_3942-600x596.jpg 600w, http:\/\/www.marou.fi\/wp-content\/uploads\/2023\/08\/IMG_3942-100x100.jpg 100w\" sizes=\"(max-width: 828px) 100vw, 828px\" \/>\t\t\t\t\t\t\t\t\t\t\t\t\t\t\t<\/div>\n\t\t\t\t<\/div>\n\t\t\t\t<div class=\"elementor-element elementor-element-0edd162 elementor-widget elementor-widget-image\" data-id=\"0edd162\" data-element_type=\"widget\" data-e-type=\"widget\" data-widget_type=\"image.default\">\n\t\t\t\t<div class=\"elementor-widget-container\">\n\t\t\t\t\t\t\t\t\t\t\t\t\t\t\t<img loading=\"lazy\" decoding=\"async\" width=\"2560\" height=\"1920\" src=\"http:\/\/www.marou.fi\/wp-content\/uploads\/2023\/08\/IMG_4474-scaled.jpg\" class=\"attachment-full size-full wp-image-2431\" alt=\"\" srcset=\"http:\/\/www.marou.fi\/wp-content\/uploads\/2023\/08\/IMG_4474-scaled.jpg 2560w, http:\/\/www.marou.fi\/wp-content\/uploads\/2023\/08\/IMG_4474-300x225.jpg 300w, http:\/\/www.marou.fi\/wp-content\/uploads\/2023\/08\/IMG_4474-1024x768.jpg 1024w, http:\/\/www.marou.fi\/wp-content\/uploads\/2023\/08\/IMG_4474-768x576.jpg 768w, http:\/\/www.marou.fi\/wp-content\/uploads\/2023\/08\/IMG_4474-1536x1152.jpg 1536w, http:\/\/www.marou.fi\/wp-content\/uploads\/2023\/08\/IMG_4474-2048x1536.jpg 2048w, http:\/\/www.marou.fi\/wp-content\/uploads\/2023\/08\/IMG_4474-1320x990.jpg 1320w, http:\/\/www.marou.fi\/wp-content\/uploads\/2023\/08\/IMG_4474-600x450.jpg 600w\" sizes=\"(max-width: 2560px) 100vw, 2560px\" \/>\t\t\t\t\t\t\t\t\t\t\t\t\t\t\t<\/div>\n\t\t\t\t<\/div>\n\t\t\t\t\t<\/div>\n\t\t<\/div>\n\t\t\t\t<div class=\"elementor-column elementor-col-33 elementor-inner-column elementor-element elementor-element-b4d388a\" data-id=\"b4d388a\" data-element_type=\"column\" data-e-type=\"column\">\n\t\t\t<div class=\"elementor-widget-wrap elementor-element-populated\">\n\t\t\t\t\t\t<div class=\"elementor-element elementor-element-e84fbd0 elementor-widget elementor-widget-image\" data-id=\"e84fbd0\" data-element_type=\"widget\" data-e-type=\"widget\" data-widget_type=\"image.default\">\n\t\t\t\t<div class=\"elementor-widget-container\">\n\t\t\t\t\t\t\t\t\t\t\t\t\t\t\t<img loading=\"lazy\" decoding=\"async\" width=\"1024\" height=\"768\" src=\"http:\/\/www.marou.fi\/wp-content\/uploads\/2023\/08\/IMG_5992-1024x768.jpg\" class=\"attachment-large size-large wp-image-2267\" alt=\"\" srcset=\"http:\/\/www.marou.fi\/wp-content\/uploads\/2023\/08\/IMG_5992-1024x768.jpg 1024w, http:\/\/www.marou.fi\/wp-content\/uploads\/2023\/08\/IMG_5992-300x225.jpg 300w, http:\/\/www.marou.fi\/wp-content\/uploads\/2023\/08\/IMG_5992-768x576.jpg 768w, http:\/\/www.marou.fi\/wp-content\/uploads\/2023\/08\/IMG_5992-1536x1152.jpg 1536w, http:\/\/www.marou.fi\/wp-content\/uploads\/2023\/08\/IMG_5992-2048x1536.jpg 2048w, http:\/\/www.marou.fi\/wp-content\/uploads\/2023\/08\/IMG_5992-1320x990.jpg 1320w, http:\/\/www.marou.fi\/wp-content\/uploads\/2023\/08\/IMG_5992-600x450.jpg 600w\" sizes=\"(max-width: 1024px) 100vw, 1024px\" \/>\t\t\t\t\t\t\t\t\t\t\t\t\t\t\t<\/div>\n\t\t\t\t<\/div>\n\t\t\t\t<div class=\"elementor-element elementor-element-b125fdf elementor-widget elementor-widget-heading\" data-id=\"b125fdf\" data-element_type=\"widget\" data-e-type=\"widget\" data-widget_type=\"heading.default\">\n\t\t\t\t<div class=\"elementor-widget-container\">\n\t\t\t\t\t<h2 class=\"elementor-heading-title elementor-size-default\">MaRoun valmistama saippua toimii niin kylpp\u00e4riss\u00e4 kuin keitti\u00f6ss\u00e4kin<\/h2>\t\t\t\t<\/div>\n\t\t\t\t<\/div>\n\t\t\t\t\t<\/div>\n\t\t<\/div>\n\t\t\t\t\t<\/div>\n\t\t<\/section>\n\t\t\t\t<div class=\"elementor-element elementor-element-aa8a158 elementor-widget elementor-widget-heading\" data-id=\"aa8a158\" data-element_type=\"widget\" data-e-type=\"widget\" data-widget_type=\"heading.default\">\n\t\t\t\t<div class=\"elementor-widget-container\">\n\t\t\t\t\t<h2 class=\"elementor-heading-title elementor-size-default\">Tiskir\u00e4tit \/ siivousliinat 9, 50\u20ac<div>Patalappu \/ pannunalunen: pieni 15\u20ac, iso 18\u20ac, yhdess\u00e4 30\u20ac<\/div>Palasaippua 6\u20ac<\/h2>\t\t\t\t<\/div>\n\t\t\t\t<\/div>\n\t\t\t\t\t<\/div>\n\t\t<\/div>\n\t\t\t\t\t<\/div>\n\t\t<\/section>\n\t\t\t\t<\/div>\n\t\t","protected":false},"excerpt":{"rendered":"<p>Kuvia MaRoun valmistamista siivousliinoista ja patalapuista MaRoun valmistama saippua toimii niin kylpp\u00e4riss\u00e4 kuin keitti\u00f6ss\u00e4kin Tiskir\u00e4tit \/ siivousliinat 9, 50\u20acPatalappu \/ pannunalunen: pieni 15\u20ac, iso 18\u20ac, yhdess\u00e4 30\u20acPalasaippua 6\u20ac<\/p>\n","protected":false},"author":1,"featured_media":0,"parent":465,"menu_order":0,"comment_status":"closed","ping_status":"closed","template":"elementor_header_footer","meta":{"_uag_custom_page_level_css":"","ocean_post_layout":"full-width","ocean_both_sidebars_style":"","ocean_both_sidebars_content_width":0,"ocean_both_sidebars_sidebars_width":0,"ocean_sidebar":"","ocean_second_sidebar":"","ocean_disable_margins":"enable","ocean_add_body_class":"","ocean_shortcode_before_top_bar":"","ocean_shortcode_after_top_bar":"","ocean_shortcode_before_header":"","ocean_shortcode_after_header":"","ocean_has_shortcode":"","ocean_shortcode_after_title":"","ocean_shortcode_before_footer_widgets":"","ocean_shortcode_after_footer_widgets":"","ocean_shortcode_before_footer_bottom":"","ocean_shortcode_after_footer_bottom":"","ocean_display_top_bar":"default","ocean_display_header":"default","ocean_header_style":"","ocean_center_header_left_menu":"","ocean_custom_header_template":"","ocean_custom_logo":0,"ocean_custom_retina_logo":0,"ocean_custom_logo_max_width":0,"ocean_custom_logo_tablet_max_width":0,"ocean_custom_logo_mobile_max_width":0,"ocean_custom_logo_max_height":0,"ocean_custom_logo_tablet_max_height":0,"ocean_custom_logo_mobile_max_height":0,"ocean_header_custom_menu":"","ocean_menu_typo_font_family":"","ocean_menu_typo_font_subset":"","ocean_menu_typo_font_size":0,"ocean_menu_typo_font_size_tablet":0,"ocean_menu_typo_font_size_mobile":0,"ocean_menu_typo_font_size_unit":"px","ocean_menu_typo_font_weight":"","ocean_menu_typo_font_weight_tablet":"","ocean_menu_typo_font_weight_mobile":"","ocean_menu_typo_transform":"","ocean_menu_typo_transform_tablet":"","ocean_menu_typo_transform_mobile":"","ocean_menu_typo_line_height":0,"ocean_menu_typo_line_height_tablet":0,"ocean_menu_typo_line_height_mobile":0,"ocean_menu_typo_line_height_unit":"","ocean_menu_typo_spacing":0,"ocean_menu_typo_spacing_tablet":0,"ocean_menu_typo_spacing_mobile":0,"ocean_menu_typo_spacing_unit":"","ocean_menu_link_color":"","ocean_menu_link_color_hover":"","ocean_menu_link_color_active":"","ocean_menu_link_background":"","ocean_menu_link_hover_background":"","ocean_menu_link_active_background":"","ocean_menu_social_links_bg":"","ocean_menu_social_hover_links_bg":"","ocean_menu_social_links_color":"","ocean_menu_social_hover_links_color":"","ocean_disable_title":"on","ocean_disable_heading":"default","ocean_post_title":"","ocean_post_subheading":"","ocean_post_title_style":"","ocean_post_title_background_color":"","ocean_post_title_background":0,"ocean_post_title_bg_image_position":"","ocean_post_title_bg_image_attachment":"","ocean_post_title_bg_image_repeat":"","ocean_post_title_bg_image_size":"","ocean_post_title_height":0,"ocean_post_title_bg_overlay":0.5,"ocean_post_title_bg_overlay_color":"","ocean_disable_breadcrumbs":"default","ocean_breadcrumbs_color":"","ocean_breadcrumbs_separator_color":"","ocean_breadcrumbs_links_color":"","ocean_breadcrumbs_links_hover_color":"","ocean_display_footer_widgets":"default","ocean_display_footer_bottom":"default","ocean_custom_footer_template":"","footnotes":""},"class_list":["post-2360","page","type-page","status-publish","hentry","entry","owp-thumbs-layout-horizontal","owp-btn-big","owp-tabs-layout-horizontal","has-no-thumbnails","has-product-nav"],"uagb_featured_image_src":{"full":false,"thumbnail":false,"medium":false,"medium_large":false,"large":false,"1536x1536":false,"2048x2048":false,"trp-custom-language-flag":false,"ocean-thumb-m":false,"ocean-thumb-ml":false,"ocean-thumb-l":false,"mailpoet_newsletter_max":false,"woocommerce_thumbnail":false,"woocommerce_single":false,"woocommerce_gallery_thumbnail":false},"uagb_author_info":{"display_name":"admin","author_link":"http:\/\/www.marou.fi\/fi\/author\/admin\/"},"uagb_comment_info":0,"uagb_excerpt":"Kuvia MaRoun valmistamista siivousliinoista ja patalapuista MaRoun valmistama saippua toimii niin kylpp\u00e4riss\u00e4 kuin keitti\u00f6ss\u00e4kin Tiskir\u00e4tit \/ siivousliinat 9, 50\u20acPatalappu \/ pannunalunen: pieni 15\u20ac, iso 18\u20ac, yhdess\u00e4 30\u20acPalasaippua 6\u20ac","_links":{"self":[{"href":"http:\/\/www.marou.fi\/fi\/wp-json\/wp\/v2\/pages\/2360","targetHints":{"allow":["GET"]}}],"collection":[{"href":"http:\/\/www.marou.fi\/fi\/wp-json\/wp\/v2\/pages"}],"about":[{"href":"http:\/\/www.marou.fi\/fi\/wp-json\/wp\/v2\/types\/page"}],"author":[{"embeddable":true,"href":"http:\/\/www.marou.fi\/fi\/wp-json\/wp\/v2\/users\/1"}],"replies":[{"embeddable":true,"href":"http:\/\/www.marou.fi\/fi\/wp-json\/wp\/v2\/comments?post=2360"}],"version-history":[{"count":16,"href":"http:\/\/www.marou.fi\/fi\/wp-json\/wp\/v2\/pages\/2360\/revisions"}],"predecessor-version":[{"id":2521,"href":"http:\/\/www.marou.fi\/fi\/wp-json\/wp\/v2\/pages\/2360\/revisions\/2521"}],"up":[{"embeddable":true,"href":"http:\/\/www.marou.fi\/fi\/wp-json\/wp\/v2\/pages\/465"}],"wp:attachment":[{"href":"http:\/\/www.marou.fi\/fi\/wp-json\/wp\/v2\/media?parent=2360"}],"curies":[{"name":"wp","href":"https:\/\/api.w.org\/{rel}","templated":true}]}}