{"id":2272,"date":"2023-08-08T11:55:37","date_gmt":"2023-08-08T11:55:37","guid":{"rendered":"http:\/\/www.marou.fi\/?page_id=2272"},"modified":"2026-03-02T15:20:42","modified_gmt":"2026-03-02T15:20:42","slug":"ajankohtaista","status":"publish","type":"page","link":"https:\/\/www.marou.fi\/en\/ajankohtaista\/","title":{"rendered":"Currently"},"content":{"rendered":"<div data-elementor-type=\"wp-post\" data-elementor-id=\"2272\" class=\"elementor elementor-2272\">\n\t\t\t\t\t\t<section class=\"elementor-section elementor-top-section elementor-element elementor-element-0728567 elementor-section-boxed elementor-section-height-default elementor-section-height-default\" data-id=\"0728567\" data-element_type=\"section\" data-e-type=\"section\" data-settings=\"{&quot;background_background&quot;:&quot;classic&quot;}\">\n\t\t\t\t\t\t<div class=\"elementor-container elementor-column-gap-default\">\n\t\t\t\t\t<div class=\"elementor-column elementor-col-100 elementor-top-column elementor-element elementor-element-fee3db9\" data-id=\"fee3db9\" data-element_type=\"column\" data-e-type=\"column\">\n\t\t\t<div class=\"elementor-widget-wrap elementor-element-populated\">\n\t\t\t\t\t\t<div class=\"elementor-element elementor-element-75cf377 elementor-widget elementor-widget-heading\" data-id=\"75cf377\" data-element_type=\"widget\" data-e-type=\"widget\" data-widget_type=\"heading.default\">\n\t\t\t\t<div class=\"elementor-widget-container\">\n\t\t\t\t\t<h2 class=\"elementor-heading-title elementor-size-default\">Here you will find the latest information on MaRou's activities and the events where you can find us<\/h2>\t\t\t\t<\/div>\n\t\t\t\t<\/div>\n\t\t\t\t<div class=\"elementor-element elementor-element-b91500d elementor-widget elementor-widget-text-editor\" data-id=\"b91500d\" data-element_type=\"widget\" data-e-type=\"widget\" data-widget_type=\"text-editor.default\">\n\t\t\t\t<div class=\"elementor-widget-container\">\n\t\t\t\t\t\t\t\t\t<p>UPCOMING\u00a0EVENTS:<\/p>\n<p>11\/25-23\/26 &nbsp; &nbsp; &nbsp; &nbsp; Myyntivaunu sijaitsee Napapiirill\u00e4, Pajakyl\u00e4ss\u00e4 \u2013 Tervetuloa ostoksille!<\/p>\t\t\t\t\t\t\t\t<\/div>\n\t\t\t\t<\/div>\n\t\t\t\t<div class=\"elementor-element elementor-element-29aa5fb elementor-widget elementor-widget-text-editor\" data-id=\"29aa5fb\" data-element_type=\"widget\" data-e-type=\"widget\" data-widget_type=\"text-editor.default\">\n\t\t\t\t<div class=\"elementor-widget-container\">\n\t\t\t\t\t\t\t\t\t<p>OPENING\u00a0HOURS\u00a0AT\u00a0SANTA\u00a0CLAUS\u00a0VILLAGE\u00a0DURING\u00a0WINTER\u00a0SEASON\u00a02025-2026<\/p><p>In November during weekends 11am - 4 pm<\/p><p>Joulu-helmikuusssa l\u00e4ht\u00f6kohtaisesti p\u00e4ivitt\u00e4in 11-16\u00a0<\/p><p><i>The opening hours are flexible regarding weather conditions, so during extremely windy, rainy and\/or\nsnowy weather we reserve <\/i><i>the right to make changes; <br \/><\/i><i>tarkistathan viimeisimm\u00e4n tiedon somesta<\/i><\/p>\t\t\t\t\t\t\t\t<\/div>\n\t\t\t\t<\/div>\n\t\t\t\t<div class=\"elementor-element elementor-element-0db4736 elementor-widget elementor-widget-text-editor\" data-id=\"0db4736\" data-element_type=\"widget\" data-e-type=\"widget\" data-widget_type=\"text-editor.default\">\n\t\t\t\t<div class=\"elementor-widget-container\">\n\t\t\t\t\t\t\t\t\t<p>CURRENT\u00a0ISSUES:<\/p><p><span style=\"font-family: Roboto, sans-serif; font-size: 15px; font-style: normal; font-variant-caps: normal;\">\u00a0Please check the announcements of the Rovaniemi and Sodankyl\u00e4 REKO Facebook Groups to see when we will be there to deliver bread products in particular.<\/span><\/p><p><span style=\"font-family: Roboto, sans-serif;\">There may be delays in delivery schedules for customer orders between November and February!<\/span><\/p><p><span style=\"font-family: Roboto, sans-serif;\">\u00a0<\/span><\/p>\t\t\t\t\t\t\t\t<\/div>\n\t\t\t\t<\/div>\n\t\t\t\t<div class=\"elementor-element elementor-element-bbd5f02 elementor-widget elementor-widget-text-editor\" data-id=\"bbd5f02\" data-element_type=\"widget\" data-e-type=\"widget\" data-widget_type=\"text-editor.default\">\n\t\t\t\t<div class=\"elementor-widget-container\">\n\t\t\t\t\t\t\t\t\t<p><span style=\"font-family: Montserrat, sans-serif; font-size: 15px; font-style: normal; font-variant-caps: normal;\">OUR COOPERATIONS:<\/span><\/p><p>We have started a cooperation with Mustalammas the spinning mill property and now our felt soaps are also available at their premises in Leineperi Ruukki.\u00a0<\/p><p><span style=\"font-family: Lato; font-size: 15px; font-style: normal; font-variant-caps: normal;\">Our sauna products and recycled jewelry is for sale at Rakkapuoti, Pyh\u00e4<\/span><\/p><p>Our soaps and soap products can be bought from Voimapuoti, Hamina.<span style=\"font-size: 15px;\">\u00a0<\/span><\/p><p><span style=\"font-size: 15px; color: var( --e-global-color-text ); background-color: var( --e-global-color-primary );\">During the end of year we will be conducting some communication strategy updates, like monthly newsletters. Please contact us if this causes any disturbance and you cannot automatically unsubscribe.<\/span><\/p>\t\t\t\t\t\t\t\t<\/div>\n\t\t\t\t<\/div>\n\t\t\t\t\t<\/div>\n\t\t<\/div>\n\t\t\t\t\t<\/div>\n\t\t<\/section>\n\t\t\t\t<\/div>","protected":false},"excerpt":{"rendered":"<p>T\u00e4st\u00e4 l\u00f6yd\u00e4t ajankohtaisimmat tiedot MaRoun toiminnasta sek\u00e4 tapahtumat, joista l\u00f6yd\u00e4t meid\u00e4t TULEVAT TAPAHTUMAMME: 11\/25-23\/26 &nbsp; &nbsp; &nbsp; &nbsp; Myyntivaunu sijaitsee Napapiirill\u00e4, Pajakyl\u00e4ss\u00e4 \u2013 Tervetuloa ostoksille! AUKIOLOAJAT NAPAPIIRILL\u00c4 TALVISESONGILLA 2025-2026: Marraskuussa v\u00e4hint\u00e4\u00e4n viikonloppuisin klo 11-16 Joulu-helmikuusssa l\u00e4ht\u00f6kohtaisesti p\u00e4ivitt\u00e4in 11-16\u00a0 Aukioloajat noudattavat s\u00e4\u00e4varausta, joten eritt\u00e4in tuulisella ja\/tai sateisella s\u00e4\u00e4ll\u00e4 pid\u00e4t\u00e4mme oikeudet muutoksiin; tarkistathan viimeisimm\u00e4n tiedon somesta MUUTA [&hellip;]<\/p>\n","protected":false},"author":1,"featured_media":0,"parent":0,"menu_order":0,"comment_status":"closed","ping_status":"closed","template":"elementor_header_footer","meta":{"_uag_custom_page_level_css":"","ocean_post_layout":"full-screen","ocean_both_sidebars_style":"","ocean_both_sidebars_content_width":0,"ocean_both_sidebars_sidebars_width":0,"ocean_sidebar":"","ocean_second_sidebar":"","ocean_disable_margins":"on","ocean_add_body_class":"","ocean_shortcode_before_top_bar":"","ocean_shortcode_after_top_bar":"","ocean_shortcode_before_header":"","ocean_shortcode_after_header":"","ocean_has_shortcode":"","ocean_shortcode_after_title":"","ocean_shortcode_before_footer_widgets":"","ocean_shortcode_after_footer_widgets":"","ocean_shortcode_before_footer_bottom":"","ocean_shortcode_after_footer_bottom":"","ocean_display_top_bar":"default","ocean_display_header":"default","ocean_header_style":"","ocean_center_header_left_menu":"","ocean_custom_header_template":"","ocean_custom_logo":0,"ocean_custom_retina_logo":0,"ocean_custom_logo_max_width":0,"ocean_custom_logo_tablet_max_width":0,"ocean_custom_logo_mobile_max_width":0,"ocean_custom_logo_max_height":0,"ocean_custom_logo_tablet_max_height":0,"ocean_custom_logo_mobile_max_height":0,"ocean_header_custom_menu":"","ocean_menu_typo_font_family":"","ocean_menu_typo_font_subset":"","ocean_menu_typo_font_size":0,"ocean_menu_typo_font_size_tablet":0,"ocean_menu_typo_font_size_mobile":0,"ocean_menu_typo_font_size_unit":"px","ocean_menu_typo_font_weight":"","ocean_menu_typo_font_weight_tablet":"","ocean_menu_typo_font_weight_mobile":"","ocean_menu_typo_transform":"","ocean_menu_typo_transform_tablet":"","ocean_menu_typo_transform_mobile":"","ocean_menu_typo_line_height":0,"ocean_menu_typo_line_height_tablet":0,"ocean_menu_typo_line_height_mobile":0,"ocean_menu_typo_line_height_unit":"","ocean_menu_typo_spacing":0,"ocean_menu_typo_spacing_tablet":0,"ocean_menu_typo_spacing_mobile":0,"ocean_menu_typo_spacing_unit":"","ocean_menu_link_color":"","ocean_menu_link_color_hover":"","ocean_menu_link_color_active":"","ocean_menu_link_background":"","ocean_menu_link_hover_background":"","ocean_menu_link_active_background":"","ocean_menu_social_links_bg":"","ocean_menu_social_hover_links_bg":"","ocean_menu_social_links_color":"","ocean_menu_social_hover_links_color":"","ocean_disable_title":"on","ocean_disable_heading":"default","ocean_post_title":"","ocean_post_subheading":"","ocean_post_title_style":"","ocean_post_title_background_color":"","ocean_post_title_background":0,"ocean_post_title_bg_image_position":"","ocean_post_title_bg_image_attachment":"","ocean_post_title_bg_image_repeat":"","ocean_post_title_bg_image_size":"","ocean_post_title_height":0,"ocean_post_title_bg_overlay":0.5,"ocean_post_title_bg_overlay_color":"","ocean_disable_breadcrumbs":"default","ocean_breadcrumbs_color":"","ocean_breadcrumbs_separator_color":"","ocean_breadcrumbs_links_color":"","ocean_breadcrumbs_links_hover_color":"","ocean_display_footer_widgets":"default","ocean_display_footer_bottom":"default","ocean_custom_footer_template":"","footnotes":""},"class_list":["post-2272","page","type-page","status-publish","hentry","entry","owp-thumbs-layout-horizontal","owp-btn-big","owp-tabs-layout-horizontal","has-no-thumbnails","has-product-nav"],"uagb_featured_image_src":{"full":false,"thumbnail":false,"medium":false,"medium_large":false,"large":false,"1536x1536":false,"2048x2048":false,"trp-custom-language-flag":false,"ocean-thumb-m":false,"ocean-thumb-ml":false,"ocean-thumb-l":false,"mailpoet_newsletter_max":false,"woocommerce_thumbnail":false,"woocommerce_single":false,"woocommerce_gallery_thumbnail":false},"uagb_author_info":{"display_name":"admin","author_link":"https:\/\/www.marou.fi\/en\/author\/admin\/"},"uagb_comment_info":0,"uagb_excerpt":"T\u00e4st\u00e4 l\u00f6yd\u00e4t ajankohtaisimmat tiedot MaRoun toiminnasta sek\u00e4 tapahtumat, joista l\u00f6yd\u00e4t meid\u00e4t TULEVAT TAPAHTUMAMME: 11\/25-23\/26 &nbsp; &nbsp; &nbsp; &nbsp; Myyntivaunu sijaitsee Napapiirill\u00e4, Pajakyl\u00e4ss\u00e4 \u2013 Tervetuloa ostoksille! AUKIOLOAJAT NAPAPIIRILL\u00c4 TALVISESONGILLA 2025-2026: Marraskuussa v\u00e4hint\u00e4\u00e4n viikonloppuisin klo 11-16 Joulu-helmikuusssa l\u00e4ht\u00f6kohtaisesti p\u00e4ivitt\u00e4in 11-16\u00a0 Aukioloajat noudattavat s\u00e4\u00e4varausta, joten eritt\u00e4in tuulisella ja\/tai sateisella s\u00e4\u00e4ll\u00e4 pid\u00e4t\u00e4mme oikeudet muutoksiin; tarkistathan viimeisimm\u00e4n tiedon somesta MUUTA&hellip;","_links":{"self":[{"href":"https:\/\/www.marou.fi\/en\/wp-json\/wp\/v2\/pages\/2272","targetHints":{"allow":["GET"]}}],"collection":[{"href":"https:\/\/www.marou.fi\/en\/wp-json\/wp\/v2\/pages"}],"about":[{"href":"https:\/\/www.marou.fi\/en\/wp-json\/wp\/v2\/types\/page"}],"author":[{"embeddable":true,"href":"https:\/\/www.marou.fi\/en\/wp-json\/wp\/v2\/users\/1"}],"replies":[{"embeddable":true,"href":"https:\/\/www.marou.fi\/en\/wp-json\/wp\/v2\/comments?post=2272"}],"version-history":[{"count":133,"href":"https:\/\/www.marou.fi\/en\/wp-json\/wp\/v2\/pages\/2272\/revisions"}],"predecessor-version":[{"id":2954,"href":"https:\/\/www.marou.fi\/en\/wp-json\/wp\/v2\/pages\/2272\/revisions\/2954"}],"wp:attachment":[{"href":"https:\/\/www.marou.fi\/en\/wp-json\/wp\/v2\/media?parent=2272"}],"curies":[{"name":"wp","href":"https:\/\/api.w.org\/{rel}","templated":true}]}}