{"id":406,"date":"2016-09-27T09:51:22","date_gmt":"2016-09-27T09:51:22","guid":{"rendered":"http:\/\/www.marou.fi\/studio\/"},"modified":"2024-11-13T17:13:52","modified_gmt":"2024-11-13T17:13:52","slug":"tarinamme","status":"publish","type":"page","link":"https:\/\/www.marou.fi\/en\/tarinamme\/","title":{"rendered":"Our Story"},"content":{"rendered":"<div data-elementor-type=\"wp-post\" data-elementor-id=\"406\" class=\"elementor elementor-406\">\n\t\t\t\t\t\t<section class=\"elementor-section elementor-top-section elementor-element elementor-element-f803768 elementor-section-boxed elementor-section-height-default elementor-section-height-default\" data-id=\"f803768\" data-element_type=\"section\" data-e-type=\"section\">\n\t\t\t\t\t\t<div class=\"elementor-container elementor-column-gap-default\">\n\t\t\t\t\t<div class=\"elementor-column elementor-col-100 elementor-top-column elementor-element elementor-element-e87e14d\" data-id=\"e87e14d\" data-element_type=\"column\" data-e-type=\"column\">\n\t\t\t<div class=\"elementor-widget-wrap elementor-element-populated\">\n\t\t\t\t\t\t<div class=\"elementor-element elementor-element-77ee8fc elementor-widget elementor-widget-heading\" data-id=\"77ee8fc\" data-element_type=\"widget\" data-e-type=\"widget\" data-widget_type=\"heading.default\">\n\t\t\t\t<div class=\"elementor-widget-container\">\n\t\t\t\t\t<h2 class=\"elementor-heading-title elementor-size-default\">Our Story<\/h2>\t\t\t\t<\/div>\n\t\t\t\t<\/div>\n\t\t\t\t<div class=\"elementor-element elementor-element-048f674 elementor-widget elementor-widget-text-editor\" data-id=\"048f674\" data-element_type=\"widget\" data-e-type=\"widget\" data-widget_type=\"text-editor.default\">\n\t\t\t\t<div class=\"elementor-widget-container\">\n\t\t\t\t\t\t\t\t\t<p><span style=\"font-weight: 400;\">MaRou produces earthy, rugged-style functional and decorative textiles from recycled and natural materials. The products are made in Lapland, in K\u00e4yr\u00e4m\u00f6, entirely by hand, with passion and love for the user in mind. For example, the molds used for making children's felt slippers are also designed and manufactured in-house.<br>Naturalness and nature itself guide all our activities, which is why we want to work with traditional methods, respecting the old ways of working and respecting nature. We make products from materials that reduce the waste of usable materials in the environment - our activities are therefore based on a circular economy.&nbsp;<\/span><\/p>\n<p><span style=\"font-weight: 400;\">The sheep's wool used in the felt products comes from Vuoj\u00e4rvi and from farms that have previously sent their wool to landfill. The distance from MaRou's premises to the sheep farms is about 20 km, so we use material produced as close as possible. Any dyed wool that we cannot get as close is also mainly domestically produced. We also use alpaca and lamb wool for custom-made products for rheumatism and pain patients, as well as the felted baby slippers.<br><\/span><span style=\"font-size: 18px; color: var( --e-global-color-text ); background-color: var( --e-global-color-primary );\">Carpets and furnishing textiles are all made from discarded textiles. For example, the only new product in our HuMuFa bag is the yarn used to make the bag, everything else is a variety of discarded products such as jeans or recycled plastic.&nbsp;<\/span><\/p>\n<p><span style=\"font-weight: 400;\">We process all the wool used in our products ourselves. The work starts on the sheep farm, scratching the sheep and talking to them before and after shearing. We help with the wool shearing process, where we get the wool that has been sheared. After the wool is collected, we transport it to MaRou's workshop in K\u00e4yr\u00e4m\u00f6, where the wool is cleaned of hay and other debris and washed with river water without soap or detergents. We want to preserve the naturalness of the wool so that the product takes care of its user and we do not use any fragrances in our work for exactly the same reason. After rinsing, the dirtiest water of all is also put to good use - watering and fertilising the flowers in the garden. The wool is dried outdoors on slatted tables and the final drying is done in MaRou's K\u00e4ss\u00e4kammer on a large table. Due to the weather conditions in Lapland, this work is mainly done in summer. <\/span><span style=\"font-weight: 400;\"><br><\/span><span style=\"font-weight: 400;\">For the next step, the opening of the wool, Juha has made a swing to open the wool fibres before carding. The carding of the wool is also done on a self-made carding mill. Sheep wool comes in three main colours; black, brown and white. By combining these colours, we create exactly the product our customers want and maintain the naturalness, which is an important and core value for us. We use all of the wool, so that the colour differences add to the roughness and uniqueness of our products. Our products are felted with a gentle bar soap made in-house, which contains no dyes or fragrances.<\/span><\/p>\n<p><span style=\"font-weight: 400;\">The alpaca's wool we use  is also local, from the Tallitonttu yard in the Arctic Circle. This wool is currently used for baby slippers, for people allergic to sheep's wool, for people with sensitive skin in their hats, for rheumatism sufferers, and also for slippers, mittens and outdoor shoes for pain patients. So please remember to let us know when you shop if you are allergic to sheep's wool or if your body has symptoms of sheep's wool. <\/span><\/p>\t\t\t\t\t\t\t\t<\/div>\n\t\t\t\t<\/div>\n\t\t\t\t<div class=\"elementor-element elementor-element-e20db4f elementor-widget elementor-widget-heading\" data-id=\"e20db4f\" data-element_type=\"widget\" data-e-type=\"widget\" data-widget_type=\"heading.default\">\n\t\t\t\t<div class=\"elementor-widget-container\">\n\t\t\t\t\t<h2 class=\"elementor-heading-title elementor-size-default\">Who are we<\/h2>\t\t\t\t<\/div>\n\t\t\t\t<\/div>\n\t\t\t\t\t<\/div>\n\t\t<\/div>\n\t\t\t\t\t<\/div>\n\t\t<\/section>\n\t\t\t\t<section class=\"elementor-section elementor-top-section elementor-element elementor-element-ybrx6zd elementor-section-content-middle elementor-section-boxed elementor-section-height-default elementor-section-height-default\" data-id=\"ybrx6zd\" data-element_type=\"section\" data-e-type=\"section\">\n\t\t\t\t\t\t<div class=\"elementor-container elementor-column-gap-default\">\n\t\t\t\t\t<div class=\"elementor-column elementor-col-50 elementor-top-column elementor-element elementor-element-nm7wyr2\" data-id=\"nm7wyr2\" data-element_type=\"column\" data-e-type=\"column\">\n\t\t\t<div class=\"elementor-widget-wrap elementor-element-populated\">\n\t\t\t\t\t\t<div class=\"elementor-element elementor-element-8a926c4 elementor-widget elementor-widget-text-editor\" data-id=\"8a926c4\" data-element_type=\"widget\" data-e-type=\"widget\" data-widget_type=\"text-editor.default\">\n\t\t\t\t<div class=\"elementor-widget-container\">\n\t\t\t\t\t\t\t\t\t<p><span style=\"caret-color: rgb(95, 69, 24); color: rgb(95, 69, 24); font-family: Lato; font-size: 20px; font-style: normal; font-variant-caps: normal;\">The quality standards are set by Annika, an artisan, craft instructor and founder of MaRou, who has a professional qualification in crafts.&nbsp;<\/span><br><\/p>\t\t\t\t\t\t\t\t<\/div>\n\t\t\t\t<\/div>\n\t\t\t\t<div class=\"elementor-element elementor-element-86a35a0 elementor-widget elementor-widget-image\" data-id=\"86a35a0\" data-element_type=\"widget\" data-e-type=\"widget\" data-widget_type=\"image.default\">\n\t\t\t\t<div class=\"elementor-widget-container\">\n\t\t\t\t\t\t\t\t\t\t\t\t\t\t\t<img fetchpriority=\"high\" decoding=\"async\" width=\"824\" height=\"1024\" src=\"https:\/\/www.marou.fi\/wp-content\/uploads\/2024\/10\/2774d7c2-56bc-48c6-8044-ef9a2a53f9e4-2-824x1024.jpg\" class=\"attachment-large size-large wp-image-2767\" alt=\"\" srcset=\"https:\/\/www.marou.fi\/wp-content\/uploads\/2024\/10\/2774d7c2-56bc-48c6-8044-ef9a2a53f9e4-2-824x1024.jpg 824w, https:\/\/www.marou.fi\/wp-content\/uploads\/2024\/10\/2774d7c2-56bc-48c6-8044-ef9a2a53f9e4-2-241x300.jpg 241w, https:\/\/www.marou.fi\/wp-content\/uploads\/2024\/10\/2774d7c2-56bc-48c6-8044-ef9a2a53f9e4-2-768x954.jpg 768w, https:\/\/www.marou.fi\/wp-content\/uploads\/2024\/10\/2774d7c2-56bc-48c6-8044-ef9a2a53f9e4-2-10x12.jpg 10w, https:\/\/www.marou.fi\/wp-content\/uploads\/2024\/10\/2774d7c2-56bc-48c6-8044-ef9a2a53f9e4-2-600x745.jpg 600w, https:\/\/www.marou.fi\/wp-content\/uploads\/2024\/10\/2774d7c2-56bc-48c6-8044-ef9a2a53f9e4-2.jpg 1135w\" sizes=\"(max-width: 824px) 100vw, 824px\" \/>\t\t\t\t\t\t\t\t\t\t\t\t\t\t\t<\/div>\n\t\t\t\t<\/div>\n\t\t\t\t\t<\/div>\n\t\t<\/div>\n\t\t\t\t<div class=\"elementor-column elementor-col-50 elementor-top-column elementor-element elementor-element-r7gqrhq\" data-id=\"r7gqrhq\" data-element_type=\"column\" data-e-type=\"column\">\n\t\t\t<div class=\"elementor-widget-wrap elementor-element-populated\">\n\t\t\t\t\t\t<div class=\"elementor-element elementor-element-x4fpxui elementor-widget elementor-widget-text-editor\" data-id=\"x4fpxui\" data-element_type=\"widget\" data-e-type=\"widget\" data-widget_type=\"text-editor.default\">\n\t\t\t\t<div class=\"elementor-widget-container\">\n\t\t\t\t\t\t\t\t\t<p><span style=\"font-family: Lato; font-size: 20px; font-style: normal; font-variant-caps: normal; text-align: center;\">I am Annika Piittisj\u00e4rvi, founder of MaRou. I was born into a family of farmers in Kalajoki. Living in the countryside turned into a city girl's life after my studies. We lived a hectic everyday life with children, work and hobbies until I was exhausted. My mind began to yearn for my roots, but they had changed from what I remembered as a child. I wanted to be in the countryside, in a peaceful and clean environment with all its seasons - that's why I moved to Lapland. My health deteriorated due to various allergies, and my work ended. Fortunately, my home is in a peaceful place in the countryside, on the edge of a pine forest. I started a new life tending my garden, yard and forest. I wanted to learn new things and as a result I am now working as a craftsperson.<\/span><br><\/p>\t\t\t\t\t\t\t\t<\/div>\n\t\t\t\t<\/div>\n\t\t\t\t\t<\/div>\n\t\t<\/div>\n\t\t\t\t\t<\/div>\n\t\t<\/section>\n\t\t\t\t<section class=\"elementor-section elementor-top-section elementor-element elementor-element-f42fe6a elementor-section-content-middle elementor-section-boxed elementor-section-height-default elementor-section-height-default\" data-id=\"f42fe6a\" data-element_type=\"section\" data-e-type=\"section\">\n\t\t\t\t\t\t<div class=\"elementor-container elementor-column-gap-default\">\n\t\t\t\t\t<div class=\"elementor-column elementor-col-50 elementor-top-column elementor-element elementor-element-b467450\" data-id=\"b467450\" data-element_type=\"column\" data-e-type=\"column\">\n\t\t\t<div class=\"elementor-widget-wrap elementor-element-populated\">\n\t\t\t\t\t\t<div class=\"elementor-element elementor-element-5788c0a elementor-widget elementor-widget-text-editor\" data-id=\"5788c0a\" data-element_type=\"widget\" data-e-type=\"widget\" data-widget_type=\"text-editor.default\">\n\t\t\t\t<div class=\"elementor-widget-container\">\n\t\t\t\t\t\t\t\t\t<p><span style=\"font-family: Lato; font-size: 20px; font-style: normal; font-variant-caps: normal; background-color: var( --e-global-color-primary );\">Tia is responsible for the graphics, marketing and strategic operations of the company as well as  the website.<\/span><\/p>\t\t\t\t\t\t\t\t<\/div>\n\t\t\t\t<\/div>\n\t\t\t\t<div class=\"elementor-element elementor-element-23c7fa1 elementor-widget elementor-widget-image\" data-id=\"23c7fa1\" data-element_type=\"widget\" data-e-type=\"widget\" data-widget_type=\"image.default\">\n\t\t\t\t<div class=\"elementor-widget-container\">\n\t\t\t\t\t\t\t\t\t\t\t\t\t\t\t<img decoding=\"async\" width=\"768\" height=\"1024\" src=\"https:\/\/www.marou.fi\/wp-content\/uploads\/2024\/06\/1718180376.248451-768x1024.png\" class=\"attachment-large size-large wp-image-2642\" alt=\"\" srcset=\"https:\/\/www.marou.fi\/wp-content\/uploads\/2024\/06\/1718180376.248451-768x1024.png 768w, https:\/\/www.marou.fi\/wp-content\/uploads\/2024\/06\/1718180376.248451-225x300.png 225w, https:\/\/www.marou.fi\/wp-content\/uploads\/2024\/06\/1718180376.248451-1152x1536.png 1152w, https:\/\/www.marou.fi\/wp-content\/uploads\/2024\/06\/1718180376.248451-1536x2048.png 1536w, https:\/\/www.marou.fi\/wp-content\/uploads\/2024\/06\/1718180376.248451-9x12.png 9w, https:\/\/www.marou.fi\/wp-content\/uploads\/2024\/06\/1718180376.248451-1320x1760.png 1320w, https:\/\/www.marou.fi\/wp-content\/uploads\/2024\/06\/1718180376.248451-600x800.png 600w\" sizes=\"(max-width: 768px) 100vw, 768px\" \/>\t\t\t\t\t\t\t\t\t\t\t\t\t\t\t<\/div>\n\t\t\t\t<\/div>\n\t\t\t\t\t<\/div>\n\t\t<\/div>\n\t\t\t\t<div class=\"elementor-column elementor-col-50 elementor-top-column elementor-element elementor-element-5b625b1\" data-id=\"5b625b1\" data-element_type=\"column\" data-e-type=\"column\">\n\t\t\t<div class=\"elementor-widget-wrap elementor-element-populated\">\n\t\t\t\t\t\t<div class=\"elementor-element elementor-element-42e755e elementor-widget elementor-widget-text-editor\" data-id=\"42e755e\" data-element_type=\"widget\" data-e-type=\"widget\" data-widget_type=\"text-editor.default\">\n\t\t\t\t<div class=\"elementor-widget-container\">\n\t\t\t\t\t\t\t\t\t<p><span style=\"font-family: Lato; font-size: 20px; font-style: normal; font-variant-caps: normal; background-color: var( --e-global-color-primary );\">Juha takes care of the equipment maintenance and other utilities.<\/span><\/p>\t\t\t\t\t\t\t\t<\/div>\n\t\t\t\t<\/div>\n\t\t\t\t<div class=\"elementor-element elementor-element-11acb5a elementor-widget elementor-widget-image\" data-id=\"11acb5a\" data-element_type=\"widget\" data-e-type=\"widget\" data-widget_type=\"image.default\">\n\t\t\t\t<div class=\"elementor-widget-container\">\n\t\t\t\t\t\t\t\t\t\t\t\t\t\t\t<img decoding=\"async\" width=\"768\" height=\"1024\" src=\"https:\/\/www.marou.fi\/wp-content\/uploads\/2024\/06\/IMG_4222-scaled.jpg\" class=\"attachment-large size-large wp-image-2641\" alt=\"\" srcset=\"https:\/\/www.marou.fi\/wp-content\/uploads\/2024\/06\/IMG_4222-scaled.jpg 1920w, https:\/\/www.marou.fi\/wp-content\/uploads\/2024\/06\/IMG_4222-225x300.jpg 225w\" sizes=\"(max-width: 768px) 100vw, 768px\" \/>\t\t\t\t\t\t\t\t\t\t\t\t\t\t\t<\/div>\n\t\t\t\t<\/div>\n\t\t\t\t\t<\/div>\n\t\t<\/div>\n\t\t\t\t\t<\/div>\n\t\t<\/section>\n\t\t\t\t<section class=\"elementor-section elementor-top-section elementor-element elementor-element-a414480 elementor-section-boxed elementor-section-height-default elementor-section-height-default\" data-id=\"a414480\" data-element_type=\"section\" data-e-type=\"section\">\n\t\t\t\t\t\t<div class=\"elementor-container elementor-column-gap-default\">\n\t\t\t\t\t<div class=\"elementor-column elementor-col-100 elementor-top-column elementor-element elementor-element-dbcaf7d\" data-id=\"dbcaf7d\" data-element_type=\"column\" data-e-type=\"column\">\n\t\t\t<div class=\"elementor-widget-wrap\">\n\t\t\t\t\t\t\t<\/div>\n\t\t<\/div>\n\t\t\t\t\t<\/div>\n\t\t<\/section>\n\t\t\t\t<\/div>","protected":false},"excerpt":{"rendered":"<p>Tarinamme MaRou valmistaa maanl\u00e4heisi\u00e4, tyylilt\u00e4\u00e4n rouheisia k\u00e4ytt\u00f6-ja sisustustekstiilej\u00e4 kierr\u00e4tys- ja luonnonmateriaaleista. Tuotteet valmistetaan Lapissa, K\u00e4yr\u00e4m\u00f6ss\u00e4, alusta loppuun saakka k\u00e4sity\u00f6n\u00e4, intohimolla ja rakkaudella k\u00e4ytt\u00e4j\u00e4\u00e4 ajatellen. Esimerkiksi lasten huopatossujen valmistukseen k\u00e4ytetyt lestitkin ovat itse suunniteltuja ja valmistettuja.Luonnonl\u00e4heisyys, luonnollisuus ja luonto itse ohjaavat kaikkea toimintaamme ja siksi ty\u00f6 halutaan tehd\u00e4 perinteisin menetelmin vanhoja ty\u00f6tapoja kunnioittaen sek\u00e4 luontoa s\u00e4\u00e4st\u00e4en. [&hellip;]<\/p>\n","protected":false},"author":1,"featured_media":0,"parent":0,"menu_order":0,"comment_status":"closed","ping_status":"closed","template":"","meta":{"_uag_custom_page_level_css":"","ocean_post_layout":"full-width","ocean_both_sidebars_style":"","ocean_both_sidebars_content_width":0,"ocean_both_sidebars_sidebars_width":0,"ocean_sidebar":"","ocean_second_sidebar":"","ocean_disable_margins":"enable","ocean_add_body_class":"","ocean_shortcode_before_top_bar":"","ocean_shortcode_after_top_bar":"","ocean_shortcode_before_header":"","ocean_shortcode_after_header":"","ocean_has_shortcode":"","ocean_shortcode_after_title":"","ocean_shortcode_before_footer_widgets":"","ocean_shortcode_after_footer_widgets":"","ocean_shortcode_before_footer_bottom":"","ocean_shortcode_after_footer_bottom":"","ocean_display_top_bar":"default","ocean_display_header":"default","ocean_header_style":"","ocean_center_header_left_menu":"","ocean_custom_header_template":"","ocean_custom_logo":0,"ocean_custom_retina_logo":0,"ocean_custom_logo_max_width":0,"ocean_custom_logo_tablet_max_width":0,"ocean_custom_logo_mobile_max_width":0,"ocean_custom_logo_max_height":0,"ocean_custom_logo_tablet_max_height":0,"ocean_custom_logo_mobile_max_height":0,"ocean_header_custom_menu":"","ocean_menu_typo_font_family":"","ocean_menu_typo_font_subset":"","ocean_menu_typo_font_size":0,"ocean_menu_typo_font_size_tablet":0,"ocean_menu_typo_font_size_mobile":0,"ocean_menu_typo_font_size_unit":"px","ocean_menu_typo_font_weight":"","ocean_menu_typo_font_weight_tablet":"","ocean_menu_typo_font_weight_mobile":"","ocean_menu_typo_transform":"","ocean_menu_typo_transform_tablet":"","ocean_menu_typo_transform_mobile":"","ocean_menu_typo_line_height":0,"ocean_menu_typo_line_height_tablet":0,"ocean_menu_typo_line_height_mobile":0,"ocean_menu_typo_line_height_unit":"","ocean_menu_typo_spacing":0,"ocean_menu_typo_spacing_tablet":0,"ocean_menu_typo_spacing_mobile":0,"ocean_menu_typo_spacing_unit":"","ocean_menu_link_color":"","ocean_menu_link_color_hover":"","ocean_menu_link_color_active":"","ocean_menu_link_background":"","ocean_menu_link_hover_background":"","ocean_menu_link_active_background":"","ocean_menu_social_links_bg":"","ocean_menu_social_hover_links_bg":"","ocean_menu_social_links_color":"","ocean_menu_social_hover_links_color":"","ocean_disable_title":"on","ocean_disable_heading":"default","ocean_post_title":"","ocean_post_subheading":"","ocean_post_title_style":"","ocean_post_title_background_color":"","ocean_post_title_background":0,"ocean_post_title_bg_image_position":"","ocean_post_title_bg_image_attachment":"","ocean_post_title_bg_image_repeat":"","ocean_post_title_bg_image_size":"","ocean_post_title_height":0,"ocean_post_title_bg_overlay":0.5,"ocean_post_title_bg_overlay_color":"","ocean_disable_breadcrumbs":"default","ocean_breadcrumbs_color":"","ocean_breadcrumbs_separator_color":"","ocean_breadcrumbs_links_color":"","ocean_breadcrumbs_links_hover_color":"","ocean_display_footer_widgets":"default","ocean_display_footer_bottom":"default","ocean_custom_footer_template":"","footnotes":""},"class_list":["post-406","page","type-page","status-publish","hentry","entry","owp-thumbs-layout-horizontal","owp-btn-big","owp-tabs-layout-horizontal","has-no-thumbnails","has-product-nav"],"uagb_featured_image_src":{"full":false,"thumbnail":false,"medium":false,"medium_large":false,"large":false,"1536x1536":false,"2048x2048":false,"trp-custom-language-flag":false,"ocean-thumb-m":false,"ocean-thumb-ml":false,"ocean-thumb-l":false,"mailpoet_newsletter_max":false,"woocommerce_thumbnail":false,"woocommerce_single":false,"woocommerce_gallery_thumbnail":false},"uagb_author_info":{"display_name":"admin","author_link":"https:\/\/www.marou.fi\/en\/author\/admin\/"},"uagb_comment_info":0,"uagb_excerpt":"Tarinamme MaRou valmistaa maanl\u00e4heisi\u00e4, tyylilt\u00e4\u00e4n rouheisia k\u00e4ytt\u00f6-ja sisustustekstiilej\u00e4 kierr\u00e4tys- ja luonnonmateriaaleista. Tuotteet valmistetaan Lapissa, K\u00e4yr\u00e4m\u00f6ss\u00e4, alusta loppuun saakka k\u00e4sity\u00f6n\u00e4, intohimolla ja rakkaudella k\u00e4ytt\u00e4j\u00e4\u00e4 ajatellen. Esimerkiksi lasten huopatossujen valmistukseen k\u00e4ytetyt lestitkin ovat itse suunniteltuja ja valmistettuja.Luonnonl\u00e4heisyys, luonnollisuus ja luonto itse ohjaavat kaikkea toimintaamme ja siksi ty\u00f6 halutaan tehd\u00e4 perinteisin menetelmin vanhoja ty\u00f6tapoja kunnioittaen sek\u00e4 luontoa s\u00e4\u00e4st\u00e4en.&hellip;","_links":{"self":[{"href":"https:\/\/www.marou.fi\/en\/wp-json\/wp\/v2\/pages\/406","targetHints":{"allow":["GET"]}}],"collection":[{"href":"https:\/\/www.marou.fi\/en\/wp-json\/wp\/v2\/pages"}],"about":[{"href":"https:\/\/www.marou.fi\/en\/wp-json\/wp\/v2\/types\/page"}],"author":[{"embeddable":true,"href":"https:\/\/www.marou.fi\/en\/wp-json\/wp\/v2\/users\/1"}],"replies":[{"embeddable":true,"href":"https:\/\/www.marou.fi\/en\/wp-json\/wp\/v2\/comments?post=406"}],"version-history":[{"count":41,"href":"https:\/\/www.marou.fi\/en\/wp-json\/wp\/v2\/pages\/406\/revisions"}],"predecessor-version":[{"id":2783,"href":"https:\/\/www.marou.fi\/en\/wp-json\/wp\/v2\/pages\/406\/revisions\/2783"}],"wp:attachment":[{"href":"https:\/\/www.marou.fi\/en\/wp-json\/wp\/v2\/media?parent=406"}],"curies":[{"name":"wp","href":"https:\/\/api.w.org\/{rel}","templated":true}]}}