{"id":465,"date":"2016-09-27T14:57:56","date_gmt":"2016-09-27T14:57:56","guid":{"rendered":"http:\/\/www.marou.fi\/gallery\/"},"modified":"2023-01-18T21:30:18","modified_gmt":"2023-01-18T21:30:18","slug":"gallery","status":"publish","type":"page","link":"https:\/\/www.marou.fi\/en\/gallery\/","title":{"rendered":"Gallery"},"content":{"rendered":"<div data-elementor-type=\"wp-post\" data-elementor-id=\"465\" class=\"elementor elementor-465\">\n\t\t\t\t\t\t<section class=\"elementor-section elementor-top-section elementor-element elementor-element-7caa373 elementor-section-full_width elementor-section-height-default elementor-section-height-default\" data-id=\"7caa373\" data-element_type=\"section\" data-e-type=\"section\" data-settings=\"{&quot;background_background&quot;:&quot;classic&quot;}\">\n\t\t\t\t\t\t<div class=\"elementor-container elementor-column-gap-default\">\n\t\t\t\t\t<div class=\"elementor-column elementor-col-100 elementor-top-column elementor-element elementor-element-31cc008\" data-id=\"31cc008\" data-element_type=\"column\" data-e-type=\"column\">\n\t\t\t<div class=\"elementor-widget-wrap elementor-element-populated\">\n\t\t\t\t\t\t<div class=\"elementor-element elementor-element-32aaf3e elementor-widget elementor-widget-heading\" data-id=\"32aaf3e\" data-element_type=\"widget\" data-e-type=\"widget\" data-widget_type=\"heading.default\">\n\t\t\t\t<div class=\"elementor-widget-container\">\n\t\t\t\t\t<h2 class=\"elementor-heading-title elementor-size-default\">Pictures of various MaRou's products<\/h2>\t\t\t\t<\/div>\n\t\t\t\t<\/div>\n\t\t\t\t<section class=\"elementor-section elementor-inner-section elementor-element elementor-element-86de895 elementor-section-boxed elementor-section-height-default elementor-section-height-default\" data-id=\"86de895\" data-element_type=\"section\" data-e-type=\"section\">\n\t\t\t\t\t\t<div class=\"elementor-container elementor-column-gap-default\">\n\t\t\t\t\t<div class=\"elementor-column elementor-col-33 elementor-inner-column elementor-element elementor-element-a8bb86b\" data-id=\"a8bb86b\" data-element_type=\"column\" data-e-type=\"column\">\n\t\t\t<div class=\"elementor-widget-wrap elementor-element-populated\">\n\t\t\t\t\t\t<div class=\"elementor-element elementor-element-6eb9f28 elementor-widget elementor-widget-image\" data-id=\"6eb9f28\" data-element_type=\"widget\" data-e-type=\"widget\" data-widget_type=\"image.default\">\n\t\t\t\t<div class=\"elementor-widget-container\">\n\t\t\t\t\t\t\t\t\t\t\t\t\t\t\t<img fetchpriority=\"high\" decoding=\"async\" width=\"2560\" height=\"1575\" src=\"https:\/\/www.marou.fi\/wp-content\/uploads\/2023\/01\/DSC8128-scaled.jpg\" class=\"attachment-full size-full wp-image-1114\" alt=\"\" srcset=\"https:\/\/www.marou.fi\/wp-content\/uploads\/2023\/01\/DSC8128-scaled.jpg 2560w, https:\/\/www.marou.fi\/wp-content\/uploads\/2023\/01\/DSC8128-scaled-600x369.jpg 600w, https:\/\/www.marou.fi\/wp-content\/uploads\/2023\/01\/DSC8128-300x185.jpg 300w, https:\/\/www.marou.fi\/wp-content\/uploads\/2023\/01\/DSC8128-1024x630.jpg 1024w, https:\/\/www.marou.fi\/wp-content\/uploads\/2023\/01\/DSC8128-768x472.jpg 768w, https:\/\/www.marou.fi\/wp-content\/uploads\/2023\/01\/DSC8128-1536x945.jpg 1536w, https:\/\/www.marou.fi\/wp-content\/uploads\/2023\/01\/DSC8128-2048x1260.jpg 2048w\" sizes=\"(max-width: 2560px) 100vw, 2560px\" \/>\t\t\t\t\t\t\t\t\t\t\t\t\t\t\t<\/div>\n\t\t\t\t<\/div>\n\t\t\t\t<div class=\"elementor-element elementor-element-330ef5e elementor-widget elementor-widget-image\" data-id=\"330ef5e\" data-element_type=\"widget\" data-e-type=\"widget\" data-widget_type=\"image.default\">\n\t\t\t\t<div class=\"elementor-widget-container\">\n\t\t\t\t\t\t\t\t\t\t\t\t\t\t\t<img decoding=\"async\" width=\"1703\" height=\"2560\" src=\"https:\/\/www.marou.fi\/wp-content\/uploads\/2023\/01\/DSC7856-2-scaled.jpg\" class=\"attachment-full size-full wp-image-1118\" alt=\"\" srcset=\"https:\/\/www.marou.fi\/wp-content\/uploads\/2023\/01\/DSC7856-2-scaled.jpg 1703w, https:\/\/www.marou.fi\/wp-content\/uploads\/2023\/01\/DSC7856-2-scaled-600x902.jpg 600w, https:\/\/www.marou.fi\/wp-content\/uploads\/2023\/01\/DSC7856-2-200x300.jpg 200w, https:\/\/www.marou.fi\/wp-content\/uploads\/2023\/01\/DSC7856-2-681x1024.jpg 681w, https:\/\/www.marou.fi\/wp-content\/uploads\/2023\/01\/DSC7856-2-768x1154.jpg 768w, https:\/\/www.marou.fi\/wp-content\/uploads\/2023\/01\/DSC7856-2-1022x1536.jpg 1022w, https:\/\/www.marou.fi\/wp-content\/uploads\/2023\/01\/DSC7856-2-1363x2048.jpg 1363w\" sizes=\"(max-width: 1703px) 100vw, 1703px\" \/>\t\t\t\t\t\t\t\t\t\t\t\t\t\t\t<\/div>\n\t\t\t\t<\/div>\n\t\t\t\t<div class=\"elementor-element elementor-element-ba4b150 elementor-widget elementor-widget-image\" data-id=\"ba4b150\" data-element_type=\"widget\" data-e-type=\"widget\" data-widget_type=\"image.default\">\n\t\t\t\t<div class=\"elementor-widget-container\">\n\t\t\t\t\t\t\t\t\t\t\t\t\t\t\t<img decoding=\"async\" width=\"1024\" height=\"768\" src=\"https:\/\/www.marou.fi\/wp-content\/uploads\/2023\/01\/IMG_5818-2-2-1024x768.jpg\" class=\"attachment-large size-large wp-image-1123\" alt=\"\" srcset=\"https:\/\/www.marou.fi\/wp-content\/uploads\/2023\/01\/IMG_5818-2-2-1024x768.jpg 1024w, https:\/\/www.marou.fi\/wp-content\/uploads\/2023\/01\/IMG_5818-2-2-scaled-600x450.jpg 600w, https:\/\/www.marou.fi\/wp-content\/uploads\/2023\/01\/IMG_5818-2-2-300x225.jpg 300w, https:\/\/www.marou.fi\/wp-content\/uploads\/2023\/01\/IMG_5818-2-2-768x576.jpg 768w, https:\/\/www.marou.fi\/wp-content\/uploads\/2023\/01\/IMG_5818-2-2-1536x1152.jpg 1536w, https:\/\/www.marou.fi\/wp-content\/uploads\/2023\/01\/IMG_5818-2-2-2048x1536.jpg 2048w\" sizes=\"(max-width: 1024px) 100vw, 1024px\" \/>\t\t\t\t\t\t\t\t\t\t\t\t\t\t\t<\/div>\n\t\t\t\t<\/div>\n\t\t\t\t<div class=\"elementor-element elementor-element-b80b484 elementor-widget elementor-widget-image\" data-id=\"b80b484\" data-element_type=\"widget\" data-e-type=\"widget\" data-widget_type=\"image.default\">\n\t\t\t\t<div class=\"elementor-widget-container\">\n\t\t\t\t\t\t\t\t\t\t\t\t\t\t\t<img loading=\"lazy\" decoding=\"async\" width=\"1024\" height=\"1024\" src=\"https:\/\/www.marou.fi\/wp-content\/uploads\/2023\/01\/IMG_5529-2-1024x1024.jpg\" class=\"attachment-large size-large wp-image-1127\" alt=\"\" srcset=\"https:\/\/www.marou.fi\/wp-content\/uploads\/2023\/01\/IMG_5529-2-1024x1024.jpg 1024w, https:\/\/www.marou.fi\/wp-content\/uploads\/2023\/01\/IMG_5529-2-300x300.jpg 300w, https:\/\/www.marou.fi\/wp-content\/uploads\/2023\/01\/IMG_5529-2-scaled-100x100.jpg 100w, https:\/\/www.marou.fi\/wp-content\/uploads\/2023\/01\/IMG_5529-2-600x600.jpg 600w, https:\/\/www.marou.fi\/wp-content\/uploads\/2023\/01\/IMG_5529-2-150x150.jpg 150w, https:\/\/www.marou.fi\/wp-content\/uploads\/2023\/01\/IMG_5529-2-768x768.jpg 768w, https:\/\/www.marou.fi\/wp-content\/uploads\/2023\/01\/IMG_5529-2-1536x1536.jpg 1536w, https:\/\/www.marou.fi\/wp-content\/uploads\/2023\/01\/IMG_5529-2-2048x2048.jpg 2048w\" sizes=\"(max-width: 1024px) 100vw, 1024px\" \/>\t\t\t\t\t\t\t\t\t\t\t\t\t\t\t<\/div>\n\t\t\t\t<\/div>\n\t\t\t\t<div class=\"elementor-element elementor-element-5cf409d elementor-widget elementor-widget-image\" data-id=\"5cf409d\" data-element_type=\"widget\" data-e-type=\"widget\" data-widget_type=\"image.default\">\n\t\t\t\t<div class=\"elementor-widget-container\">\n\t\t\t\t\t\t\t\t\t\t\t\t\t\t\t<img loading=\"lazy\" decoding=\"async\" width=\"1024\" height=\"768\" src=\"https:\/\/www.marou.fi\/wp-content\/uploads\/2023\/01\/IMG_6542-1024x768.jpg\" class=\"attachment-large size-large wp-image-1136\" alt=\"\" srcset=\"https:\/\/www.marou.fi\/wp-content\/uploads\/2023\/01\/IMG_6542-1024x768.jpg 1024w, https:\/\/www.marou.fi\/wp-content\/uploads\/2023\/01\/IMG_6542-scaled-600x450.jpg 600w, https:\/\/www.marou.fi\/wp-content\/uploads\/2023\/01\/IMG_6542-300x225.jpg 300w, https:\/\/www.marou.fi\/wp-content\/uploads\/2023\/01\/IMG_6542-768x576.jpg 768w, https:\/\/www.marou.fi\/wp-content\/uploads\/2023\/01\/IMG_6542-1536x1152.jpg 1536w, https:\/\/www.marou.fi\/wp-content\/uploads\/2023\/01\/IMG_6542-2048x1536.jpg 2048w\" sizes=\"(max-width: 1024px) 100vw, 1024px\" \/>\t\t\t\t\t\t\t\t\t\t\t\t\t\t\t<\/div>\n\t\t\t\t<\/div>\n\t\t\t\t\t<\/div>\n\t\t<\/div>\n\t\t\t\t<div class=\"elementor-column elementor-col-33 elementor-inner-column elementor-element elementor-element-df8f085\" data-id=\"df8f085\" data-element_type=\"column\" data-e-type=\"column\">\n\t\t\t<div class=\"elementor-widget-wrap elementor-element-populated\">\n\t\t\t\t\t\t<div class=\"elementor-element elementor-element-afd6fd1 elementor-widget elementor-widget-image\" data-id=\"afd6fd1\" data-element_type=\"widget\" data-e-type=\"widget\" data-widget_type=\"image.default\">\n\t\t\t\t<div class=\"elementor-widget-container\">\n\t\t\t\t\t\t\t\t\t\t\t\t\t\t\t<img loading=\"lazy\" decoding=\"async\" width=\"1024\" height=\"768\" src=\"https:\/\/www.marou.fi\/wp-content\/uploads\/2023\/01\/IMG_5783-2-1024x768.jpg\" class=\"attachment-large size-large wp-image-1126\" alt=\"\" srcset=\"https:\/\/www.marou.fi\/wp-content\/uploads\/2023\/01\/IMG_5783-2-1024x768.jpg 1024w, https:\/\/www.marou.fi\/wp-content\/uploads\/2023\/01\/IMG_5783-2-scaled-600x450.jpg 600w, https:\/\/www.marou.fi\/wp-content\/uploads\/2023\/01\/IMG_5783-2-300x225.jpg 300w, https:\/\/www.marou.fi\/wp-content\/uploads\/2023\/01\/IMG_5783-2-768x576.jpg 768w, https:\/\/www.marou.fi\/wp-content\/uploads\/2023\/01\/IMG_5783-2-1536x1152.jpg 1536w, https:\/\/www.marou.fi\/wp-content\/uploads\/2023\/01\/IMG_5783-2-2048x1536.jpg 2048w\" sizes=\"(max-width: 1024px) 100vw, 1024px\" \/>\t\t\t\t\t\t\t\t\t\t\t\t\t\t\t<\/div>\n\t\t\t\t<\/div>\n\t\t\t\t<div class=\"elementor-element elementor-element-8fd5817 elementor-widget elementor-widget-image\" data-id=\"8fd5817\" data-element_type=\"widget\" data-e-type=\"widget\" data-widget_type=\"image.default\">\n\t\t\t\t<div class=\"elementor-widget-container\">\n\t\t\t\t\t\t\t\t\t\t\t\t\t\t\t<img loading=\"lazy\" decoding=\"async\" width=\"1703\" height=\"2560\" src=\"https:\/\/www.marou.fi\/wp-content\/uploads\/2023\/01\/DSC8113-scaled.jpg\" class=\"attachment-full size-full wp-image-1115\" alt=\"\" srcset=\"https:\/\/www.marou.fi\/wp-content\/uploads\/2023\/01\/DSC8113-scaled.jpg 1703w, https:\/\/www.marou.fi\/wp-content\/uploads\/2023\/01\/DSC8113-scaled-600x902.jpg 600w, https:\/\/www.marou.fi\/wp-content\/uploads\/2023\/01\/DSC8113-200x300.jpg 200w, https:\/\/www.marou.fi\/wp-content\/uploads\/2023\/01\/DSC8113-681x1024.jpg 681w, https:\/\/www.marou.fi\/wp-content\/uploads\/2023\/01\/DSC8113-768x1154.jpg 768w, https:\/\/www.marou.fi\/wp-content\/uploads\/2023\/01\/DSC8113-1022x1536.jpg 1022w, https:\/\/www.marou.fi\/wp-content\/uploads\/2023\/01\/DSC8113-1363x2048.jpg 1363w\" sizes=\"(max-width: 1703px) 100vw, 1703px\" \/>\t\t\t\t\t\t\t\t\t\t\t\t\t\t\t<\/div>\n\t\t\t\t<\/div>\n\t\t\t\t<div class=\"elementor-element elementor-element-15d0251 elementor-widget elementor-widget-image\" data-id=\"15d0251\" data-element_type=\"widget\" data-e-type=\"widget\" data-widget_type=\"image.default\">\n\t\t\t\t<div class=\"elementor-widget-container\">\n\t\t\t\t\t\t\t\t\t\t\t\t\t\t\t<img loading=\"lazy\" decoding=\"async\" width=\"1024\" height=\"768\" src=\"https:\/\/www.marou.fi\/wp-content\/uploads\/2023\/01\/IMG_5703-2-1024x768.jpg\" class=\"attachment-large size-large wp-image-1125\" alt=\"\" srcset=\"https:\/\/www.marou.fi\/wp-content\/uploads\/2023\/01\/IMG_5703-2-1024x768.jpg 1024w, https:\/\/www.marou.fi\/wp-content\/uploads\/2023\/01\/IMG_5703-2-scaled-600x450.jpg 600w, https:\/\/www.marou.fi\/wp-content\/uploads\/2023\/01\/IMG_5703-2-300x225.jpg 300w, https:\/\/www.marou.fi\/wp-content\/uploads\/2023\/01\/IMG_5703-2-768x576.jpg 768w, https:\/\/www.marou.fi\/wp-content\/uploads\/2023\/01\/IMG_5703-2-1536x1152.jpg 1536w, https:\/\/www.marou.fi\/wp-content\/uploads\/2023\/01\/IMG_5703-2-2048x1536.jpg 2048w\" sizes=\"(max-width: 1024px) 100vw, 1024px\" \/>\t\t\t\t\t\t\t\t\t\t\t\t\t\t\t<\/div>\n\t\t\t\t<\/div>\n\t\t\t\t<div class=\"elementor-element elementor-element-ece4917 elementor-widget elementor-widget-image\" data-id=\"ece4917\" data-element_type=\"widget\" data-e-type=\"widget\" data-widget_type=\"image.default\">\n\t\t\t\t<div class=\"elementor-widget-container\">\n\t\t\t\t\t\t\t\t\t\t\t\t\t\t\t<img loading=\"lazy\" decoding=\"async\" width=\"768\" height=\"1024\" src=\"https:\/\/www.marou.fi\/wp-content\/uploads\/2023\/01\/IMG_0270-2-768x1024.jpg\" class=\"attachment-large size-large wp-image-1124\" alt=\"\" srcset=\"https:\/\/www.marou.fi\/wp-content\/uploads\/2023\/01\/IMG_0270-2-768x1024.jpg 768w, https:\/\/www.marou.fi\/wp-content\/uploads\/2023\/01\/IMG_0270-2-scaled-600x800.jpg 600w, https:\/\/www.marou.fi\/wp-content\/uploads\/2023\/01\/IMG_0270-2-225x300.jpg 225w, https:\/\/www.marou.fi\/wp-content\/uploads\/2023\/01\/IMG_0270-2-1152x1536.jpg 1152w, https:\/\/www.marou.fi\/wp-content\/uploads\/2023\/01\/IMG_0270-2-1536x2048.jpg 1536w, https:\/\/www.marou.fi\/wp-content\/uploads\/2023\/01\/IMG_0270-2-scaled.jpg 1920w\" sizes=\"(max-width: 768px) 100vw, 768px\" \/>\t\t\t\t\t\t\t\t\t\t\t\t\t\t\t<\/div>\n\t\t\t\t<\/div>\n\t\t\t\t\t<\/div>\n\t\t<\/div>\n\t\t\t\t<div class=\"elementor-column elementor-col-33 elementor-inner-column elementor-element elementor-element-f205432\" data-id=\"f205432\" data-element_type=\"column\" data-e-type=\"column\">\n\t\t\t<div class=\"elementor-widget-wrap elementor-element-populated\">\n\t\t\t\t\t\t<div class=\"elementor-element elementor-element-0edd162 elementor-widget elementor-widget-image\" data-id=\"0edd162\" data-element_type=\"widget\" data-e-type=\"widget\" data-widget_type=\"image.default\">\n\t\t\t\t<div class=\"elementor-widget-container\">\n\t\t\t\t\t\t\t\t\t\t\t\t\t\t\t<img loading=\"lazy\" decoding=\"async\" width=\"1703\" height=\"2560\" src=\"https:\/\/www.marou.fi\/wp-content\/uploads\/2023\/01\/DSC7999-2-scaled.jpg\" class=\"attachment-full size-full wp-image-1117\" alt=\"\" srcset=\"https:\/\/www.marou.fi\/wp-content\/uploads\/2023\/01\/DSC7999-2-scaled.jpg 1703w, https:\/\/www.marou.fi\/wp-content\/uploads\/2023\/01\/DSC7999-2-scaled-600x902.jpg 600w, https:\/\/www.marou.fi\/wp-content\/uploads\/2023\/01\/DSC7999-2-200x300.jpg 200w, https:\/\/www.marou.fi\/wp-content\/uploads\/2023\/01\/DSC7999-2-681x1024.jpg 681w, https:\/\/www.marou.fi\/wp-content\/uploads\/2023\/01\/DSC7999-2-768x1154.jpg 768w, https:\/\/www.marou.fi\/wp-content\/uploads\/2023\/01\/DSC7999-2-1022x1536.jpg 1022w, https:\/\/www.marou.fi\/wp-content\/uploads\/2023\/01\/DSC7999-2-1363x2048.jpg 1363w\" sizes=\"(max-width: 1703px) 100vw, 1703px\" \/>\t\t\t\t\t\t\t\t\t\t\t\t\t\t\t<\/div>\n\t\t\t\t<\/div>\n\t\t\t\t<div class=\"elementor-element elementor-element-43c5fb7 elementor-widget elementor-widget-image\" data-id=\"43c5fb7\" data-element_type=\"widget\" data-e-type=\"widget\" data-widget_type=\"image.default\">\n\t\t\t\t<div class=\"elementor-widget-container\">\n\t\t\t\t\t\t\t\t\t\t\t\t\t\t\t<img loading=\"lazy\" decoding=\"async\" width=\"2007\" height=\"2560\" src=\"https:\/\/www.marou.fi\/wp-content\/uploads\/2023\/01\/DSC8236-2-2-scaled.jpg\" class=\"attachment-full size-full wp-image-1119\" alt=\"\" srcset=\"https:\/\/www.marou.fi\/wp-content\/uploads\/2023\/01\/DSC8236-2-2-scaled.jpg 2007w, https:\/\/www.marou.fi\/wp-content\/uploads\/2023\/01\/DSC8236-2-2-scaled-600x765.jpg 600w, https:\/\/www.marou.fi\/wp-content\/uploads\/2023\/01\/DSC8236-2-2-235x300.jpg 235w, https:\/\/www.marou.fi\/wp-content\/uploads\/2023\/01\/DSC8236-2-2-803x1024.jpg 803w, https:\/\/www.marou.fi\/wp-content\/uploads\/2023\/01\/DSC8236-2-2-768x980.jpg 768w, https:\/\/www.marou.fi\/wp-content\/uploads\/2023\/01\/DSC8236-2-2-1204x1536.jpg 1204w, https:\/\/www.marou.fi\/wp-content\/uploads\/2023\/01\/DSC8236-2-2-1606x2048.jpg 1606w\" sizes=\"(max-width: 2007px) 100vw, 2007px\" \/>\t\t\t\t\t\t\t\t\t\t\t\t\t\t\t<\/div>\n\t\t\t\t<\/div>\n\t\t\t\t<div class=\"elementor-element elementor-element-67eb885 elementor-widget elementor-widget-image\" data-id=\"67eb885\" data-element_type=\"widget\" data-e-type=\"widget\" data-widget_type=\"image.default\">\n\t\t\t\t<div class=\"elementor-widget-container\">\n\t\t\t\t\t\t\t\t\t\t\t\t\t\t\t<img loading=\"lazy\" decoding=\"async\" width=\"1024\" height=\"715\" src=\"https:\/\/www.marou.fi\/wp-content\/uploads\/2023\/01\/IMG_3655-2-1024x715.jpg\" class=\"attachment-large size-large wp-image-1128\" alt=\"\" srcset=\"https:\/\/www.marou.fi\/wp-content\/uploads\/2023\/01\/IMG_3655-2-1024x715.jpg 1024w, https:\/\/www.marou.fi\/wp-content\/uploads\/2023\/01\/IMG_3655-2-scaled-600x419.jpg 600w, https:\/\/www.marou.fi\/wp-content\/uploads\/2023\/01\/IMG_3655-2-300x209.jpg 300w, https:\/\/www.marou.fi\/wp-content\/uploads\/2023\/01\/IMG_3655-2-768x536.jpg 768w, https:\/\/www.marou.fi\/wp-content\/uploads\/2023\/01\/IMG_3655-2-1536x1072.jpg 1536w, https:\/\/www.marou.fi\/wp-content\/uploads\/2023\/01\/IMG_3655-2-2048x1430.jpg 2048w\" sizes=\"(max-width: 1024px) 100vw, 1024px\" \/>\t\t\t\t\t\t\t\t\t\t\t\t\t\t\t<\/div>\n\t\t\t\t<\/div>\n\t\t\t\t<div class=\"elementor-element elementor-element-c3bc25d elementor-widget elementor-widget-image\" data-id=\"c3bc25d\" data-element_type=\"widget\" data-e-type=\"widget\" data-widget_type=\"image.default\">\n\t\t\t\t<div class=\"elementor-widget-container\">\n\t\t\t\t\t\t\t\t\t\t\t\t\t\t\t<img loading=\"lazy\" decoding=\"async\" width=\"1024\" height=\"866\" src=\"https:\/\/www.marou.fi\/wp-content\/uploads\/2023\/01\/IMG_4829-2-1024x866.jpg\" class=\"attachment-large size-large wp-image-1129\" alt=\"\" srcset=\"https:\/\/www.marou.fi\/wp-content\/uploads\/2023\/01\/IMG_4829-2-1024x866.jpg 1024w, https:\/\/www.marou.fi\/wp-content\/uploads\/2023\/01\/IMG_4829-2-600x508.jpg 600w, https:\/\/www.marou.fi\/wp-content\/uploads\/2023\/01\/IMG_4829-2-300x254.jpg 300w, https:\/\/www.marou.fi\/wp-content\/uploads\/2023\/01\/IMG_4829-2-768x650.jpg 768w, https:\/\/www.marou.fi\/wp-content\/uploads\/2023\/01\/IMG_4829-2.jpg 1182w\" sizes=\"(max-width: 1024px) 100vw, 1024px\" \/>\t\t\t\t\t\t\t\t\t\t\t\t\t\t\t<\/div>\n\t\t\t\t<\/div>\n\t\t\t\t\t<\/div>\n\t\t<\/div>\n\t\t\t\t\t<\/div>\n\t\t<\/section>\n\t\t\t\t<div class=\"elementor-element elementor-element-f4bde8e elementor-widget elementor-widget-text-editor\" data-id=\"f4bde8e\" data-element_type=\"widget\" data-e-type=\"widget\" data-widget_type=\"text-editor.default\">\n\t\t\t\t<div class=\"elementor-widget-container\">\n\t\t\t\t\t\t\t\t\t<p>The people in the photos have given their consent to appear on the MaRou website.<\/p>\t\t\t\t\t\t\t\t<\/div>\n\t\t\t\t<\/div>\n\t\t\t\t\t<\/div>\n\t\t<\/div>\n\t\t\t\t\t<\/div>\n\t\t<\/section>\n\t\t\t\t<section class=\"elementor-section elementor-top-section elementor-element elementor-element-5c11093 elementor-section-boxed elementor-section-height-default elementor-section-height-default\" data-id=\"5c11093\" data-element_type=\"section\" data-e-type=\"section\">\n\t\t\t\t\t\t<div class=\"elementor-container elementor-column-gap-default\">\n\t\t\t\t\t<div class=\"elementor-column elementor-col-100 elementor-top-column elementor-element elementor-element-a8d3b30\" data-id=\"a8d3b30\" data-element_type=\"column\" data-e-type=\"column\">\n\t\t\t<div class=\"elementor-widget-wrap elementor-element-populated\">\n\t\t\t\t\t\t<div class=\"elementor-element elementor-element-a454a96 elementor-widget elementor-widget-text-editor\" data-id=\"a454a96\" data-element_type=\"widget\" data-e-type=\"widget\" data-widget_type=\"text-editor.default\">\n\t\t\t\t<div class=\"elementor-widget-container\">\n\t\t\t\t\t\t\t\t\t<p>Pictures by:&nbsp;<\/p>\n<p>Antti Koskinen<\/p>\n<p>Tia Rahkila<\/p><p>Annika Piittisj\u00e4rvi<\/p>\t\t\t\t\t\t\t\t<\/div>\n\t\t\t\t<\/div>\n\t\t\t\t\t<\/div>\n\t\t<\/div>\n\t\t\t\t\t<\/div>\n\t\t<\/section>\n\t\t\t\t<\/div>","protected":false},"excerpt":{"rendered":"<p>Kuvia MaRoun tuotteista ja tuotteiden valmistuksesta Kuvien henkil\u00f6t ovat antaneet suostumuksensa esiinty\u00e4 MaRoun nettisivuilla. Kuvat:&nbsp; Antti Koskinen Tia Rahkila Annika Piittisj\u00e4rvi<\/p>","protected":false},"author":1,"featured_media":0,"parent":0,"menu_order":0,"comment_status":"closed","ping_status":"closed","template":"","meta":{"_uag_custom_page_level_css":"","ocean_post_layout":"full-width","ocean_both_sidebars_style":"","ocean_both_sidebars_content_width":0,"ocean_both_sidebars_sidebars_width":0,"ocean_sidebar":"","ocean_second_sidebar":"","ocean_disable_margins":"enable","ocean_add_body_class":"","ocean_shortcode_before_top_bar":"","ocean_shortcode_after_top_bar":"","ocean_shortcode_before_header":"","ocean_shortcode_after_header":"","ocean_has_shortcode":"","ocean_shortcode_after_title":"","ocean_shortcode_before_footer_widgets":"","ocean_shortcode_after_footer_widgets":"","ocean_shortcode_before_footer_bottom":"","ocean_shortcode_after_footer_bottom":"","ocean_display_top_bar":"default","ocean_display_header":"default","ocean_header_style":"","ocean_center_header_left_menu":"","ocean_custom_header_template":"","ocean_custom_logo":0,"ocean_custom_retina_logo":0,"ocean_custom_logo_max_width":0,"ocean_custom_logo_tablet_max_width":0,"ocean_custom_logo_mobile_max_width":0,"ocean_custom_logo_max_height":0,"ocean_custom_logo_tablet_max_height":0,"ocean_custom_logo_mobile_max_height":0,"ocean_header_custom_menu":"","ocean_menu_typo_font_family":"","ocean_menu_typo_font_subset":"","ocean_menu_typo_font_size":0,"ocean_menu_typo_font_size_tablet":0,"ocean_menu_typo_font_size_mobile":0,"ocean_menu_typo_font_size_unit":"px","ocean_menu_typo_font_weight":"","ocean_menu_typo_font_weight_tablet":"","ocean_menu_typo_font_weight_mobile":"","ocean_menu_typo_transform":"","ocean_menu_typo_transform_tablet":"","ocean_menu_typo_transform_mobile":"","ocean_menu_typo_line_height":0,"ocean_menu_typo_line_height_tablet":0,"ocean_menu_typo_line_height_mobile":0,"ocean_menu_typo_line_height_unit":"","ocean_menu_typo_spacing":0,"ocean_menu_typo_spacing_tablet":0,"ocean_menu_typo_spacing_mobile":0,"ocean_menu_typo_spacing_unit":"","ocean_menu_link_color":"","ocean_menu_link_color_hover":"","ocean_menu_link_color_active":"","ocean_menu_link_background":"","ocean_menu_link_hover_background":"","ocean_menu_link_active_background":"","ocean_menu_social_links_bg":"","ocean_menu_social_hover_links_bg":"","ocean_menu_social_links_color":"","ocean_menu_social_hover_links_color":"","ocean_disable_title":"on","ocean_disable_heading":"default","ocean_post_title":"","ocean_post_subheading":"","ocean_post_title_style":"","ocean_post_title_background_color":"","ocean_post_title_background":0,"ocean_post_title_bg_image_position":"","ocean_post_title_bg_image_attachment":"","ocean_post_title_bg_image_repeat":"","ocean_post_title_bg_image_size":"","ocean_post_title_height":0,"ocean_post_title_bg_overlay":0.5,"ocean_post_title_bg_overlay_color":"","ocean_disable_breadcrumbs":"default","ocean_breadcrumbs_color":"","ocean_breadcrumbs_separator_color":"","ocean_breadcrumbs_links_color":"","ocean_breadcrumbs_links_hover_color":"","ocean_display_footer_widgets":"default","ocean_display_footer_bottom":"default","ocean_custom_footer_template":"","footnotes":""},"class_list":["post-465","page","type-page","status-publish","hentry","entry","owp-thumbs-layout-horizontal","owp-btn-big","owp-tabs-layout-horizontal","has-no-thumbnails","has-product-nav"],"uagb_featured_image_src":{"full":false,"thumbnail":false,"medium":false,"medium_large":false,"large":false,"1536x1536":false,"2048x2048":false,"trp-custom-language-flag":false,"ocean-thumb-m":false,"ocean-thumb-ml":false,"ocean-thumb-l":false,"mailpoet_newsletter_max":false,"woocommerce_thumbnail":false,"woocommerce_single":false,"woocommerce_gallery_thumbnail":false},"uagb_author_info":{"display_name":"admin","author_link":"https:\/\/www.marou.fi\/en\/author\/admin\/"},"uagb_comment_info":0,"uagb_excerpt":"Kuvia MaRoun tuotteista ja tuotteiden valmistuksesta Kuvien henkil\u00f6t ovat antaneet suostumuksensa esiinty\u00e4 MaRoun nettisivuilla. Kuvat:&nbsp; Antti Koskinen Tia Rahkila Annika Piittisj\u00e4rvi","_links":{"self":[{"href":"https:\/\/www.marou.fi\/en\/wp-json\/wp\/v2\/pages\/465","targetHints":{"allow":["GET"]}}],"collection":[{"href":"https:\/\/www.marou.fi\/en\/wp-json\/wp\/v2\/pages"}],"about":[{"href":"https:\/\/www.marou.fi\/en\/wp-json\/wp\/v2\/types\/page"}],"author":[{"embeddable":true,"href":"https:\/\/www.marou.fi\/en\/wp-json\/wp\/v2\/users\/1"}],"replies":[{"embeddable":true,"href":"https:\/\/www.marou.fi\/en\/wp-json\/wp\/v2\/comments?post=465"}],"version-history":[{"count":15,"href":"https:\/\/www.marou.fi\/en\/wp-json\/wp\/v2\/pages\/465\/revisions"}],"predecessor-version":[{"id":1113,"href":"https:\/\/www.marou.fi\/en\/wp-json\/wp\/v2\/pages\/465\/revisions\/1113"}],"wp:attachment":[{"href":"https:\/\/www.marou.fi\/en\/wp-json\/wp\/v2\/media?parent=465"}],"curies":[{"name":"wp","href":"https:\/\/api.w.org\/{rel}","templated":true}]}}