{"id":406,"date":"2016-09-27T09:51:22","date_gmt":"2016-09-27T09:51:22","guid":{"rendered":"http:\/\/www.marou.fi\/studio\/"},"modified":"2024-11-13T17:13:52","modified_gmt":"2024-11-13T17:13:52","slug":"tarinamme","status":"publish","type":"page","link":"https:\/\/www.marou.fi\/fi\/tarinamme\/","title":{"rendered":"Tarinamme"},"content":{"rendered":"\t\t<div data-elementor-type=\"wp-post\" data-elementor-id=\"406\" class=\"elementor elementor-406\">\n\t\t\t\t\t\t<section class=\"elementor-section elementor-top-section elementor-element elementor-element-f803768 elementor-section-boxed elementor-section-height-default elementor-section-height-default\" data-id=\"f803768\" data-element_type=\"section\" data-e-type=\"section\">\n\t\t\t\t\t\t<div class=\"elementor-container elementor-column-gap-default\">\n\t\t\t\t\t<div class=\"elementor-column elementor-col-100 elementor-top-column elementor-element elementor-element-e87e14d\" data-id=\"e87e14d\" data-element_type=\"column\" data-e-type=\"column\">\n\t\t\t<div class=\"elementor-widget-wrap elementor-element-populated\">\n\t\t\t\t\t\t<div class=\"elementor-element elementor-element-77ee8fc elementor-widget elementor-widget-heading\" data-id=\"77ee8fc\" data-element_type=\"widget\" data-e-type=\"widget\" data-widget_type=\"heading.default\">\n\t\t\t\t<div class=\"elementor-widget-container\">\n\t\t\t\t\t<h2 class=\"elementor-heading-title elementor-size-default\">Tarinamme<\/h2>\t\t\t\t<\/div>\n\t\t\t\t<\/div>\n\t\t\t\t<div class=\"elementor-element elementor-element-048f674 elementor-widget elementor-widget-text-editor\" data-id=\"048f674\" data-element_type=\"widget\" data-e-type=\"widget\" data-widget_type=\"text-editor.default\">\n\t\t\t\t<div class=\"elementor-widget-container\">\n\t\t\t\t\t\t\t\t\t<p><span style=\"font-weight: 400;\">MaRou valmistaa maanl\u00e4heisi\u00e4, tyylilt\u00e4\u00e4n rouheisia k\u00e4ytt\u00f6-ja sisustustekstiilej\u00e4 kierr\u00e4tys- ja luonnonmateriaaleista. Tuotteet valmistetaan Lapissa, K\u00e4yr\u00e4m\u00f6ss\u00e4, alusta loppuun saakka k\u00e4sity\u00f6n\u00e4, intohimolla ja rakkaudella k\u00e4ytt\u00e4j\u00e4\u00e4 ajatellen. Esimerkiksi lasten huopatossujen valmistukseen k\u00e4ytetyt lestitkin ovat itse suunniteltuja ja valmistettuja.<br>Luonnonl\u00e4heisyys, luonnollisuus ja luonto itse ohjaavat kaikkea toimintaamme ja siksi ty\u00f6 halutaan tehd\u00e4 perinteisin menetelmin vanhoja ty\u00f6tapoja kunnioittaen sek\u00e4 luontoa s\u00e4\u00e4st\u00e4en. Valmistamme tuotteita materiaalista, joka v\u00e4hent\u00e4\u00e4 ymp\u00e4rist\u00f6n k\u00e4ytt\u00f6kelpoisen materiaalin h\u00e4vikki\u00e4 &#8211; toimintamme perustuu siis kiertotalouteen.&nbsp;<\/span><\/p>\n<p><span style=\"font-weight: 400;\">Huopatuotteissa k\u00e4ytetty lampaanvilla on per\u00e4isin Vuoj\u00e4rvelt\u00e4, tiloilta, jotka ovat aiemmin l\u00e4hett\u00e4neet kerim\u00e4ns\u00e4 villan kaatopaikalle. Matkaa MaRoun tiloista lammastiloille on n. 20 km, eli k\u00e4yt\u00e4mme mahdollisimman l\u00e4hell\u00e4 tuotettua materiaalia. Kaikki v\u00e4rj\u00e4tyt villat, joita emme saa yht\u00e4 l\u00e4helt\u00e4, ovat nekin kotimaista villaa. Reuma- ja kipupotilaiden tilaustuotteissa sek\u00e4 vauvan tossuissa k\u00e4ytet\u00e4\u00e4n my\u00f6s alpakan ja karitsan villaa.<br><\/span><span style=\"font-size: 18px; color: var( --e-global-color-text ); background-color: var( --e-global-color-primary );\">Matot ja sisustustekstiilit valmistetaan kaikki k\u00e4yt\u00f6st\u00e4 poistetuista tekstiileist\u00e4. Esimerkiksi HuMuFa -laukkumme ainut uusi tuote on lanka, jota on k\u00e4ytetty laukun kasaamiseen, kaikki muu on erilaisia k\u00e4yt\u00f6st\u00e4 poistettuja tuotteita, kuten farkkuja tai kierr\u00e4tetty\u00e4 muovia.&nbsp;<\/span><\/p>\n<p><span style=\"font-weight: 400;\">K\u00e4sittelemme tuotteissa k\u00e4ytetyn villan kokonaan itse. Ty\u00f6 alkaa lammastilalla rapsuttaen ja jutellen lampaille ennen ja j\u00e4lkeen kerinn\u00e4n. Olemme apuna villan kerint\u00e4ty\u00f6ss\u00e4, josta saamme k\u00e4ytt\u00f6\u00f6mme kerityn villan. Kuljetamme villan kerinn\u00e4n j\u00e4lkeen MaRoun ty\u00f6paikalle K\u00e4yr\u00e4m\u00f6\u00f6n, miss\u00e4 villa puhdistetaan heinist\u00e4 ja muista roskista sek\u00e4 pest\u00e4\u00e4n jokivedell\u00e4 ilman pesuaineita. Haluamme s\u00e4ilytt\u00e4\u00e4 villan luonnollisuuden, jotta tuote hoitaa k\u00e4ytt\u00e4j\u00e4\u00e4ns\u00e4 emmek\u00e4 k\u00e4yt\u00e4 mit\u00e4\u00e4n hajusteita ty\u00f6ss\u00e4mme t\u00e4ysin samasta syyst\u00e4. Pesun\/huuhtelun j\u00e4lkeen kaikista likaisin vesi k\u00e4ytet\u00e4\u00e4n sekin hy\u00f6dyksi &#8211; sill\u00e4 kastellaan ja samalla lannoitetaan pihapiirin kukkasia. Villa kuivataan ulkona ritil\u00e4tasoilla ja loppukuivatus tehd\u00e4\u00e4n MaRoun K\u00e4ss\u00e4kamarissa isolla p\u00f6yd\u00e4ll\u00e4. Lapin s\u00e4\u00e4olosuhteiden vuoksi t\u00e4m\u00e4 ty\u00f6 tehd\u00e4\u00e4n p\u00e4\u00e4osin kes\u00e4isin. <\/span><span style=\"font-weight: 400;\"><br><\/span><span style=\"font-weight: 400;\">Seuraavaan ty\u00f6vaiheeseen, villan avaukseen, Juha on tehnyt keinun, jolla villakuidut avataan ennen karstausta. Villan karstaus tehd\u00e4\u00e4n my\u00f6s itse karstamyllyll\u00e4. Lampaan villaa on kolmea eri p\u00e4\u00e4v\u00e4ri\u00e4; mustaa ruskeaa ja valkoista. N\u00e4it\u00e4 v\u00e4rej\u00e4 yhdistelem\u00e4ll\u00e4 teemme juuri sellaisen tuotteen kuin asiakkaamme haluavat ja yll\u00e4pid\u00e4mme luonnollisuutta, meille t\u00e4rke\u00e4\u00e4 ja keskeist\u00e4 arvoa. K\u00e4yt\u00e4mme kaiken villan, jolloin v\u00e4rierot tuovat rouheutta tuotteisiimme. Tuotteet huovutetaan itse valmistetulla hell\u00e4varaisella palasaippualla, joka ei sis\u00e4ll\u00e4 mit\u00e4\u00e4n v\u00e4ri- tai hajusteaineita.<\/span><\/p>\n<p><span style=\"font-weight: 400;\">Alpakan villa on sekin l\u00e4hivillaa, Napapiirilt\u00e4 Tallitontun pihalta. T\u00e4t\u00e4 villaa k\u00e4ytet\u00e4\u00e4n t\u00e4ll\u00e4 hetkell\u00e4 vauvantossuihin, lampaanvilla-allergisille, herkk\u00e4ihoisille esimerkiksi hattuihin, reumaatikoille sek\u00e4 kipupotilaille my\u00f6s tossuihin, lapasiin ja ulkohuopikkaisiin. Muistathan siis mainita meille ostoksiasi tehdess\u00e4, mik\u00e4li olet allerginen tai kehosi oireilee lampaanvillasta. <\/span><\/p>\t\t\t\t\t\t\t\t<\/div>\n\t\t\t\t<\/div>\n\t\t\t\t<div class=\"elementor-element elementor-element-e20db4f elementor-widget elementor-widget-heading\" data-id=\"e20db4f\" data-element_type=\"widget\" data-e-type=\"widget\" data-widget_type=\"heading.default\">\n\t\t\t\t<div class=\"elementor-widget-container\">\n\t\t\t\t\t<h2 class=\"elementor-heading-title elementor-size-default\">Keit\u00e4 olemme<\/h2>\t\t\t\t<\/div>\n\t\t\t\t<\/div>\n\t\t\t\t\t<\/div>\n\t\t<\/div>\n\t\t\t\t\t<\/div>\n\t\t<\/section>\n\t\t\t\t<section class=\"elementor-section elementor-top-section elementor-element elementor-element-ybrx6zd elementor-section-content-middle elementor-section-boxed elementor-section-height-default elementor-section-height-default\" data-id=\"ybrx6zd\" data-element_type=\"section\" data-e-type=\"section\">\n\t\t\t\t\t\t<div class=\"elementor-container elementor-column-gap-default\">\n\t\t\t\t\t<div class=\"elementor-column elementor-col-50 elementor-top-column elementor-element elementor-element-nm7wyr2\" data-id=\"nm7wyr2\" data-element_type=\"column\" data-e-type=\"column\">\n\t\t\t<div class=\"elementor-widget-wrap elementor-element-populated\">\n\t\t\t\t\t\t<div class=\"elementor-element elementor-element-8a926c4 elementor-widget elementor-widget-text-editor\" data-id=\"8a926c4\" data-element_type=\"widget\" data-e-type=\"widget\" data-widget_type=\"text-editor.default\">\n\t\t\t\t<div class=\"elementor-widget-container\">\n\t\t\t\t\t\t\t\t\t<p><span style=\"caret-color: rgb(95, 69, 24); color: rgb(95, 69, 24); font-family: Lato; font-size: 20px; font-style: normal; font-variant-caps: normal;\">Laatuvaatimuksista vastaa artesaani, k\u00e4sity\u00f6taidon ohjaaja sek\u00e4 k\u00e4sity\u00f6ntekij\u00e4n ammattitutkinnon suorittanut MaRou:n perustaja Annika.&nbsp;<\/span><br><\/p>\t\t\t\t\t\t\t\t<\/div>\n\t\t\t\t<\/div>\n\t\t\t\t<div class=\"elementor-element elementor-element-86a35a0 elementor-widget elementor-widget-image\" data-id=\"86a35a0\" data-element_type=\"widget\" data-e-type=\"widget\" data-widget_type=\"image.default\">\n\t\t\t\t<div class=\"elementor-widget-container\">\n\t\t\t\t\t\t\t\t\t\t\t\t\t\t\t<img fetchpriority=\"high\" decoding=\"async\" width=\"824\" height=\"1024\" src=\"https:\/\/www.marou.fi\/wp-content\/uploads\/2024\/10\/2774d7c2-56bc-48c6-8044-ef9a2a53f9e4-2-824x1024.jpg\" class=\"attachment-large size-large wp-image-2767\" alt=\"\" srcset=\"https:\/\/www.marou.fi\/wp-content\/uploads\/2024\/10\/2774d7c2-56bc-48c6-8044-ef9a2a53f9e4-2-824x1024.jpg 824w, https:\/\/www.marou.fi\/wp-content\/uploads\/2024\/10\/2774d7c2-56bc-48c6-8044-ef9a2a53f9e4-2-241x300.jpg 241w, https:\/\/www.marou.fi\/wp-content\/uploads\/2024\/10\/2774d7c2-56bc-48c6-8044-ef9a2a53f9e4-2-768x954.jpg 768w, https:\/\/www.marou.fi\/wp-content\/uploads\/2024\/10\/2774d7c2-56bc-48c6-8044-ef9a2a53f9e4-2-10x12.jpg 10w, https:\/\/www.marou.fi\/wp-content\/uploads\/2024\/10\/2774d7c2-56bc-48c6-8044-ef9a2a53f9e4-2-600x745.jpg 600w, https:\/\/www.marou.fi\/wp-content\/uploads\/2024\/10\/2774d7c2-56bc-48c6-8044-ef9a2a53f9e4-2.jpg 1135w\" sizes=\"(max-width: 824px) 100vw, 824px\" \/>\t\t\t\t\t\t\t\t\t\t\t\t\t\t\t<\/div>\n\t\t\t\t<\/div>\n\t\t\t\t\t<\/div>\n\t\t<\/div>\n\t\t\t\t<div class=\"elementor-column elementor-col-50 elementor-top-column elementor-element elementor-element-r7gqrhq\" data-id=\"r7gqrhq\" data-element_type=\"column\" data-e-type=\"column\">\n\t\t\t<div class=\"elementor-widget-wrap elementor-element-populated\">\n\t\t\t\t\t\t<div class=\"elementor-element elementor-element-x4fpxui elementor-widget elementor-widget-text-editor\" data-id=\"x4fpxui\" data-element_type=\"widget\" data-e-type=\"widget\" data-widget_type=\"text-editor.default\">\n\t\t\t\t<div class=\"elementor-widget-container\">\n\t\t\t\t\t\t\t\t\t<p><span style=\"font-family: Lato; font-size: 20px; font-style: normal; font-variant-caps: normal; text-align: center;\">Olen Annika Piittisj\u00e4rvi, MaRoun perustaja. Synnyin Kalajoella maatalousyritt\u00e4j\u00e4perheeseen kuopukseksi. Maalla asuminen muuttui kaupunkilaistyt\u00f6n el\u00e4m\u00e4ksi opiskeluiden my\u00f6t\u00e4. Elettiin hektist\u00e4 arkea lasten, ty\u00f6n ja harrastusten parissa ihan uupumiseen saakka. Mieli alkoi kaivata juurilleen, mutta juuret olivatkin muuttuneet erilaisiksi kuin lapsuusmuistoissani. Halusin maalle, rauhalliseen ja puhtaaseen luontoon kaikkine vuodenaikoineen &#8211; siksi muutin Lappiin. Terveydentilanteeni heikkeni erilaisten allergioiden my\u00f6t\u00e4, samoin ty\u00f6t loppuivat. Onneksi kotini on rauhallisella paikalla maalla, m\u00e4ntymets\u00e4n reunalla. Aloitin uudenlaisen el\u00e4m\u00e4n pihaa, puutarhaa ja mets\u00e4\u00e4 hoitaen. Halusin oppia uusia asioita ja sen johdosta toimin nyky\u00e4\u00e4n k\u00e4sity\u00f6l\u00e4isen\u00e4.<\/span><br><\/p>\t\t\t\t\t\t\t\t<\/div>\n\t\t\t\t<\/div>\n\t\t\t\t\t<\/div>\n\t\t<\/div>\n\t\t\t\t\t<\/div>\n\t\t<\/section>\n\t\t\t\t<section class=\"elementor-section elementor-top-section elementor-element elementor-element-f42fe6a elementor-section-content-middle elementor-section-boxed elementor-section-height-default elementor-section-height-default\" data-id=\"f42fe6a\" data-element_type=\"section\" data-e-type=\"section\">\n\t\t\t\t\t\t<div class=\"elementor-container elementor-column-gap-default\">\n\t\t\t\t\t<div class=\"elementor-column elementor-col-50 elementor-top-column elementor-element elementor-element-b467450\" data-id=\"b467450\" data-element_type=\"column\" data-e-type=\"column\">\n\t\t\t<div class=\"elementor-widget-wrap elementor-element-populated\">\n\t\t\t\t\t\t<div class=\"elementor-element elementor-element-5788c0a elementor-widget elementor-widget-text-editor\" data-id=\"5788c0a\" data-element_type=\"widget\" data-e-type=\"widget\" data-widget_type=\"text-editor.default\">\n\t\t\t\t<div class=\"elementor-widget-container\">\n\t\t\t\t\t\t\t\t\t<p><span style=\"font-family: Lato; font-size: 20px; font-style: normal; font-variant-caps: normal; background-color: var( --e-global-color-primary );\">Grafiikasta, markkinoinnista ja yrityksen strategisesta toiminnasta sek\u00e4 nettisivuista vastaa Tia.<\/span><\/p>\t\t\t\t\t\t\t\t<\/div>\n\t\t\t\t<\/div>\n\t\t\t\t<div class=\"elementor-element elementor-element-23c7fa1 elementor-widget elementor-widget-image\" data-id=\"23c7fa1\" data-element_type=\"widget\" data-e-type=\"widget\" data-widget_type=\"image.default\">\n\t\t\t\t<div class=\"elementor-widget-container\">\n\t\t\t\t\t\t\t\t\t\t\t\t\t\t\t<img decoding=\"async\" width=\"768\" height=\"1024\" src=\"https:\/\/www.marou.fi\/wp-content\/uploads\/2024\/06\/1718180376.248451-768x1024.png\" class=\"attachment-large size-large wp-image-2642\" alt=\"\" srcset=\"https:\/\/www.marou.fi\/wp-content\/uploads\/2024\/06\/1718180376.248451-768x1024.png 768w, https:\/\/www.marou.fi\/wp-content\/uploads\/2024\/06\/1718180376.248451-225x300.png 225w, https:\/\/www.marou.fi\/wp-content\/uploads\/2024\/06\/1718180376.248451-1152x1536.png 1152w, https:\/\/www.marou.fi\/wp-content\/uploads\/2024\/06\/1718180376.248451-1536x2048.png 1536w, https:\/\/www.marou.fi\/wp-content\/uploads\/2024\/06\/1718180376.248451-9x12.png 9w, https:\/\/www.marou.fi\/wp-content\/uploads\/2024\/06\/1718180376.248451-1320x1760.png 1320w, https:\/\/www.marou.fi\/wp-content\/uploads\/2024\/06\/1718180376.248451-600x800.png 600w\" sizes=\"(max-width: 768px) 100vw, 768px\" \/>\t\t\t\t\t\t\t\t\t\t\t\t\t\t\t<\/div>\n\t\t\t\t<\/div>\n\t\t\t\t\t<\/div>\n\t\t<\/div>\n\t\t\t\t<div class=\"elementor-column elementor-col-50 elementor-top-column elementor-element elementor-element-5b625b1\" data-id=\"5b625b1\" data-element_type=\"column\" data-e-type=\"column\">\n\t\t\t<div class=\"elementor-widget-wrap elementor-element-populated\">\n\t\t\t\t\t\t<div class=\"elementor-element elementor-element-42e755e elementor-widget elementor-widget-text-editor\" data-id=\"42e755e\" data-element_type=\"widget\" data-e-type=\"widget\" data-widget_type=\"text-editor.default\">\n\t\t\t\t<div class=\"elementor-widget-container\">\n\t\t\t\t\t\t\t\t\t<p><span style=\"font-family: Lato; font-size: 20px; font-style: normal; font-variant-caps: normal; background-color: var( --e-global-color-primary );\">Laitehuollosta ja muista aput\u00f6ist\u00e4 huolehtii Juha.<\/span><\/p>\t\t\t\t\t\t\t\t<\/div>\n\t\t\t\t<\/div>\n\t\t\t\t<div class=\"elementor-element elementor-element-11acb5a elementor-widget elementor-widget-image\" data-id=\"11acb5a\" data-element_type=\"widget\" data-e-type=\"widget\" data-widget_type=\"image.default\">\n\t\t\t\t<div class=\"elementor-widget-container\">\n\t\t\t\t\t\t\t\t\t\t\t\t\t\t\t<img decoding=\"async\" width=\"768\" height=\"1024\" src=\"https:\/\/www.marou.fi\/wp-content\/uploads\/2024\/06\/IMG_4222-scaled.jpg\" class=\"attachment-large size-large wp-image-2641\" alt=\"\" srcset=\"https:\/\/www.marou.fi\/wp-content\/uploads\/2024\/06\/IMG_4222-scaled.jpg 1920w, https:\/\/www.marou.fi\/wp-content\/uploads\/2024\/06\/IMG_4222-225x300.jpg 225w\" sizes=\"(max-width: 768px) 100vw, 768px\" \/>\t\t\t\t\t\t\t\t\t\t\t\t\t\t\t<\/div>\n\t\t\t\t<\/div>\n\t\t\t\t\t<\/div>\n\t\t<\/div>\n\t\t\t\t\t<\/div>\n\t\t<\/section>\n\t\t\t\t<section class=\"elementor-section elementor-top-section elementor-element elementor-element-a414480 elementor-section-boxed elementor-section-height-default elementor-section-height-default\" data-id=\"a414480\" data-element_type=\"section\" data-e-type=\"section\">\n\t\t\t\t\t\t<div class=\"elementor-container elementor-column-gap-default\">\n\t\t\t\t\t<div class=\"elementor-column elementor-col-100 elementor-top-column elementor-element elementor-element-dbcaf7d\" data-id=\"dbcaf7d\" data-element_type=\"column\" data-e-type=\"column\">\n\t\t\t<div class=\"elementor-widget-wrap\">\n\t\t\t\t\t\t\t<\/div>\n\t\t<\/div>\n\t\t\t\t\t<\/div>\n\t\t<\/section>\n\t\t\t\t<\/div>\n\t\t","protected":false},"excerpt":{"rendered":"<p>Tarinamme MaRou valmistaa maanl\u00e4heisi\u00e4, tyylilt\u00e4\u00e4n rouheisia k\u00e4ytt\u00f6-ja sisustustekstiilej\u00e4 kierr\u00e4tys- ja luonnonmateriaaleista. Tuotteet valmistetaan Lapissa, K\u00e4yr\u00e4m\u00f6ss\u00e4, alusta loppuun saakka k\u00e4sity\u00f6n\u00e4, intohimolla ja rakkaudella k\u00e4ytt\u00e4j\u00e4\u00e4 ajatellen. Esimerkiksi lasten huopatossujen valmistukseen k\u00e4ytetyt lestitkin ovat itse suunniteltuja ja valmistettuja.Luonnonl\u00e4heisyys, luonnollisuus ja luonto itse ohjaavat kaikkea toimintaamme ja siksi ty\u00f6 halutaan tehd\u00e4 perinteisin menetelmin vanhoja ty\u00f6tapoja kunnioittaen sek\u00e4 luontoa s\u00e4\u00e4st\u00e4en. [&hellip;]<\/p>\n","protected":false},"author":1,"featured_media":0,"parent":0,"menu_order":0,"comment_status":"closed","ping_status":"closed","template":"","meta":{"_uag_custom_page_level_css":"","ocean_post_layout":"full-width","ocean_both_sidebars_style":"","ocean_both_sidebars_content_width":0,"ocean_both_sidebars_sidebars_width":0,"ocean_sidebar":"","ocean_second_sidebar":"","ocean_disable_margins":"enable","ocean_add_body_class":"","ocean_shortcode_before_top_bar":"","ocean_shortcode_after_top_bar":"","ocean_shortcode_before_header":"","ocean_shortcode_after_header":"","ocean_has_shortcode":"","ocean_shortcode_after_title":"","ocean_shortcode_before_footer_widgets":"","ocean_shortcode_after_footer_widgets":"","ocean_shortcode_before_footer_bottom":"","ocean_shortcode_after_footer_bottom":"","ocean_display_top_bar":"default","ocean_display_header":"default","ocean_header_style":"","ocean_center_header_left_menu":"","ocean_custom_header_template":"","ocean_custom_logo":0,"ocean_custom_retina_logo":0,"ocean_custom_logo_max_width":0,"ocean_custom_logo_tablet_max_width":0,"ocean_custom_logo_mobile_max_width":0,"ocean_custom_logo_max_height":0,"ocean_custom_logo_tablet_max_height":0,"ocean_custom_logo_mobile_max_height":0,"ocean_header_custom_menu":"","ocean_menu_typo_font_family":"","ocean_menu_typo_font_subset":"","ocean_menu_typo_font_size":0,"ocean_menu_typo_font_size_tablet":0,"ocean_menu_typo_font_size_mobile":0,"ocean_menu_typo_font_size_unit":"px","ocean_menu_typo_font_weight":"","ocean_menu_typo_font_weight_tablet":"","ocean_menu_typo_font_weight_mobile":"","ocean_menu_typo_transform":"","ocean_menu_typo_transform_tablet":"","ocean_menu_typo_transform_mobile":"","ocean_menu_typo_line_height":0,"ocean_menu_typo_line_height_tablet":0,"ocean_menu_typo_line_height_mobile":0,"ocean_menu_typo_line_height_unit":"","ocean_menu_typo_spacing":0,"ocean_menu_typo_spacing_tablet":0,"ocean_menu_typo_spacing_mobile":0,"ocean_menu_typo_spacing_unit":"","ocean_menu_link_color":"","ocean_menu_link_color_hover":"","ocean_menu_link_color_active":"","ocean_menu_link_background":"","ocean_menu_link_hover_background":"","ocean_menu_link_active_background":"","ocean_menu_social_links_bg":"","ocean_menu_social_hover_links_bg":"","ocean_menu_social_links_color":"","ocean_menu_social_hover_links_color":"","ocean_disable_title":"on","ocean_disable_heading":"default","ocean_post_title":"","ocean_post_subheading":"","ocean_post_title_style":"","ocean_post_title_background_color":"","ocean_post_title_background":0,"ocean_post_title_bg_image_position":"","ocean_post_title_bg_image_attachment":"","ocean_post_title_bg_image_repeat":"","ocean_post_title_bg_image_size":"","ocean_post_title_height":0,"ocean_post_title_bg_overlay":0.5,"ocean_post_title_bg_overlay_color":"","ocean_disable_breadcrumbs":"default","ocean_breadcrumbs_color":"","ocean_breadcrumbs_separator_color":"","ocean_breadcrumbs_links_color":"","ocean_breadcrumbs_links_hover_color":"","ocean_display_footer_widgets":"default","ocean_display_footer_bottom":"default","ocean_custom_footer_template":"","footnotes":""},"class_list":["post-406","page","type-page","status-publish","hentry","entry","owp-thumbs-layout-horizontal","owp-btn-big","owp-tabs-layout-horizontal","has-no-thumbnails","has-product-nav"],"uagb_featured_image_src":{"full":false,"thumbnail":false,"medium":false,"medium_large":false,"large":false,"1536x1536":false,"2048x2048":false,"trp-custom-language-flag":false,"ocean-thumb-m":false,"ocean-thumb-ml":false,"ocean-thumb-l":false,"mailpoet_newsletter_max":false,"woocommerce_thumbnail":false,"woocommerce_single":false,"woocommerce_gallery_thumbnail":false},"uagb_author_info":{"display_name":"admin","author_link":"https:\/\/www.marou.fi\/fi\/author\/admin\/"},"uagb_comment_info":0,"uagb_excerpt":"Tarinamme MaRou valmistaa maanl\u00e4heisi\u00e4, tyylilt\u00e4\u00e4n rouheisia k\u00e4ytt\u00f6-ja sisustustekstiilej\u00e4 kierr\u00e4tys- ja luonnonmateriaaleista. Tuotteet valmistetaan Lapissa, K\u00e4yr\u00e4m\u00f6ss\u00e4, alusta loppuun saakka k\u00e4sity\u00f6n\u00e4, intohimolla ja rakkaudella k\u00e4ytt\u00e4j\u00e4\u00e4 ajatellen. Esimerkiksi lasten huopatossujen valmistukseen k\u00e4ytetyt lestitkin ovat itse suunniteltuja ja valmistettuja.Luonnonl\u00e4heisyys, luonnollisuus ja luonto itse ohjaavat kaikkea toimintaamme ja siksi ty\u00f6 halutaan tehd\u00e4 perinteisin menetelmin vanhoja ty\u00f6tapoja kunnioittaen sek\u00e4 luontoa s\u00e4\u00e4st\u00e4en.&hellip;","_links":{"self":[{"href":"https:\/\/www.marou.fi\/fi\/wp-json\/wp\/v2\/pages\/406","targetHints":{"allow":["GET"]}}],"collection":[{"href":"https:\/\/www.marou.fi\/fi\/wp-json\/wp\/v2\/pages"}],"about":[{"href":"https:\/\/www.marou.fi\/fi\/wp-json\/wp\/v2\/types\/page"}],"author":[{"embeddable":true,"href":"https:\/\/www.marou.fi\/fi\/wp-json\/wp\/v2\/users\/1"}],"replies":[{"embeddable":true,"href":"https:\/\/www.marou.fi\/fi\/wp-json\/wp\/v2\/comments?post=406"}],"version-history":[{"count":41,"href":"https:\/\/www.marou.fi\/fi\/wp-json\/wp\/v2\/pages\/406\/revisions"}],"predecessor-version":[{"id":2783,"href":"https:\/\/www.marou.fi\/fi\/wp-json\/wp\/v2\/pages\/406\/revisions\/2783"}],"wp:attachment":[{"href":"https:\/\/www.marou.fi\/fi\/wp-json\/wp\/v2\/media?parent=406"}],"curies":[{"name":"wp","href":"https:\/\/api.w.org\/{rel}","templated":true}]}}